{"id":4514,"date":"2025-10-16T15:43:33","date_gmt":"2025-10-16T15:43:33","guid":{"rendered":"https:\/\/youthmatchpoint.eu\/?page_id=4514"},"modified":"2025-10-16T15:56:02","modified_gmt":"2025-10-16T15:56:02","slug":"european-solidarity-corps","status":"publish","type":"page","link":"https:\/\/youthmatchpoint.eu\/hu\/european-solidarity-corps\/","title":{"rendered":"Eur\u00f3pai Szolidarit\u00e1si Test\u00fclet"},"content":{"rendered":"<div data-elementor-type=\"wp-page\" data-elementor-id=\"4514\" class=\"elementor elementor-4514\" data-elementor-post-type=\"page\">\n\t\t\t\t<div class=\"elementor-element elementor-element-2e3f5cdf e-flex e-con-boxed wpr-particle-no wpr-jarallax-no wpr-parallax-no wpr-sticky-section-no e-con e-parent\" data-id=\"2e3f5cdf\" data-element_type=\"container\" data-e-type=\"container\">\n\t\t\t\t\t<div class=\"e-con-inner\">\n\t\t\t\t<div class=\"elementor-element elementor-element-6d34c8f9 elementor-mobile-align-center elementor-widget elementor-widget-button\" data-id=\"6d34c8f9\" data-element_type=\"widget\" data-e-type=\"widget\" data-widget_type=\"button.default\">\n\t\t\t\t<div class=\"elementor-widget-container\">\n\t\t\t\t\t\t\t\t\t<div class=\"elementor-button-wrapper\">\n\t\t\t\t\t<a class=\"elementor-button elementor-button-link elementor-size-sm elementor-animation-pop\" href=\"\/hu\/good-practices\/\">\n\t\t\t\t\t\t<span class=\"elementor-button-content-wrapper\">\n\t\t\t\t\t\t\t\t\t<span class=\"elementor-button-text\">Back to the Good Practices<\/span>\n\t\t\t\t\t<\/span>\n\t\t\t\t\t<\/a>\n\t\t\t\t<\/div>\n\t\t\t\t\t\t\t\t<\/div>\n\t\t\t\t<\/div>\n\t\t\t\t\t<\/div>\n\t\t\t\t<\/div>\n\t\t\t\t<section class=\"elementor-section elementor-top-section elementor-element elementor-element-73a9e015 elementor-section-stretched elementor-section-boxed elementor-section-height-default elementor-section-height-default wpr-particle-no wpr-jarallax-no wpr-parallax-no wpr-sticky-section-no\" data-id=\"73a9e015\" data-element_type=\"section\" data-e-type=\"section\" data-settings=\"{&quot;stretch_section&quot;:&quot;section-stretched&quot;,&quot;background_background&quot;:&quot;classic&quot;}\">\n\t\t\t\t\t\t<div class=\"elementor-container elementor-column-gap-default\">\n\t\t\t\t\t<div class=\"elementor-column elementor-col-100 elementor-top-column elementor-element elementor-element-251213b6\" data-id=\"251213b6\" data-element_type=\"column\" data-e-type=\"column\">\n\t\t\t<div class=\"elementor-widget-wrap elementor-element-populated\">\n\t\t\t\t\t\t<div class=\"elementor-element elementor-element-4df558d4 elementor-widget elementor-widget-heading\" data-id=\"4df558d4\" data-element_type=\"widget\" data-e-type=\"widget\" data-widget_type=\"heading.default\">\n\t\t\t\t<div class=\"elementor-widget-container\">\n\t\t\t\t\t<h2 class=\"elementor-heading-title elementor-size-default\">Eur\u00f3pai Szolidarit\u00e1si Test\u00fclet<\/h2>\t\t\t\t<\/div>\n\t\t\t\t<\/div>\n\t\t\t\t<section class=\"elementor-section elementor-inner-section elementor-element elementor-element-556f326c elementor-section-boxed elementor-section-height-default elementor-section-height-default wpr-particle-no wpr-jarallax-no wpr-parallax-no wpr-sticky-section-no\" data-id=\"556f326c\" data-element_type=\"section\" data-e-type=\"section\">\n\t\t\t\t\t\t<div class=\"elementor-container elementor-column-gap-default\">\n\t\t\t\t\t<div class=\"elementor-column elementor-col-50 elementor-inner-column elementor-element elementor-element-1c4125ba\" data-id=\"1c4125ba\" data-element_type=\"column\" data-e-type=\"column\" data-settings=\"{&quot;background_background&quot;:&quot;classic&quot;}\">\n\t\t\t<div class=\"elementor-widget-wrap elementor-element-populated\">\n\t\t\t\t\t\t<div class=\"elementor-element elementor-element-4100aedd elementor-widget elementor-widget-text-editor\" data-id=\"4100aedd\" data-element_type=\"widget\" data-e-type=\"widget\" data-widget_type=\"text-editor.default\">\n\t\t\t\t<div class=\"elementor-widget-container\">\n\t\t\t\t\t<div class=\"bb-theme-elementor-wrap bb-elementor-custom-color bb-elementor-custom-family bb-elementor-custom-size bb-elementor-custom-line-height\">\t\t\t\t<p>\u00c1LTAL\u00c1NOS INFORM\u00c1CI\u00d3K<\/p>\t\t\t\t<\/div>\t\t\t\t<\/div>\n\t\t\t\t<\/div>\n\t\t\t\t\t<\/div>\n\t\t<\/div>\n\t\t\t\t<div class=\"elementor-column elementor-col-50 elementor-inner-column elementor-element elementor-element-35303b80\" data-id=\"35303b80\" data-element_type=\"column\" data-e-type=\"column\" data-settings=\"{&quot;background_background&quot;:&quot;classic&quot;}\">\n\t\t\t<div class=\"elementor-widget-wrap elementor-element-populated\">\n\t\t\t\t\t\t<div class=\"elementor-element elementor-element-18544f86 elementor-widget elementor-widget-text-editor\" data-id=\"18544f86\" data-element_type=\"widget\" data-e-type=\"widget\" data-widget_type=\"text-editor.default\">\n\t\t\t\t<div class=\"elementor-widget-container\">\n\t\t\t\t\t<div class=\"bb-theme-elementor-wrap bb-elementor-custom-family\">\t\t\t\t<p>Az Eur\u00f3pai Szolidarit\u00e1si Test\u00fclet az Eur\u00f3pai Uni\u00f3 kezdem\u00e9nyez\u00e9se, amelynek c\u00e9lja, hogy lehet\u0151s\u00e9geket teremtsen a fiatalok sz\u00e1m\u00e1ra szolidarit\u00e1si tev\u00e9kenys\u00e9gekben val\u00f3 r\u00e9szv\u00e9telre Eur\u00f3pa-szerte. T\u00e1mogatja az \u00f6nk\u00e9ntess\u00e9get, a szakmai gyakorlatokat, a munkalehet\u0151s\u00e9geket \u00e9s a szolidarit\u00e1si projekteket, amelyek a k\u00f6z\u00f6ss\u00e9gek jav\u00e1t szolg\u00e1lj\u00e1k \u00e9s hozz\u00e1j\u00e1rulnak a t\u00e1rsadalmi koh\u00e9zi\u00f3hoz.<\/p>\t\t\t\t<\/div>\t\t\t\t<\/div>\n\t\t\t\t<\/div>\n\t\t\t\t\t<\/div>\n\t\t<\/div>\n\t\t\t\t\t<\/div>\n\t\t<\/section>\n\t\t\t\t<section class=\"elementor-section elementor-inner-section elementor-element elementor-element-936f4b elementor-section-boxed elementor-section-height-default elementor-section-height-default wpr-particle-no wpr-jarallax-no wpr-parallax-no wpr-sticky-section-no\" data-id=\"936f4b\" data-element_type=\"section\" data-e-type=\"section\">\n\t\t\t\t\t\t<div class=\"elementor-container elementor-column-gap-default\">\n\t\t\t\t\t<div class=\"elementor-column elementor-col-50 elementor-inner-column elementor-element elementor-element-400e6f28\" data-id=\"400e6f28\" data-element_type=\"column\" data-e-type=\"column\" data-settings=\"{&quot;background_background&quot;:&quot;classic&quot;}\">\n\t\t\t<div class=\"elementor-widget-wrap elementor-element-populated\">\n\t\t\t\t\t\t<div class=\"elementor-element elementor-element-5b6dde30 elementor-widget elementor-widget-text-editor\" data-id=\"5b6dde30\" data-element_type=\"widget\" data-e-type=\"widget\" data-widget_type=\"text-editor.default\">\n\t\t\t\t<div class=\"elementor-widget-container\">\n\t\t\t\t\t<div class=\"bb-theme-elementor-wrap bb-elementor-custom-color bb-elementor-custom-family bb-elementor-custom-size bb-elementor-custom-line-height\">\t\t\t\t<p>HASZNOS LINKEK<\/p>\t\t\t\t<\/div>\t\t\t\t<\/div>\n\t\t\t\t<\/div>\n\t\t\t\t\t<\/div>\n\t\t<\/div>\n\t\t\t\t<div class=\"elementor-column elementor-col-50 elementor-inner-column elementor-element elementor-element-735395b5\" data-id=\"735395b5\" data-element_type=\"column\" data-e-type=\"column\" data-settings=\"{&quot;background_background&quot;:&quot;classic&quot;}\">\n\t\t\t<div class=\"elementor-widget-wrap elementor-element-populated\">\n\t\t\t\t\t\t<div class=\"elementor-element elementor-element-1d1e1d4c elementor-widget elementor-widget-text-editor\" data-id=\"1d1e1d4c\" data-element_type=\"widget\" data-e-type=\"widget\" data-widget_type=\"text-editor.default\">\n\t\t\t\t<div class=\"elementor-widget-container\">\n\t\t\t\t\t<div class=\"bb-theme-elementor-wrap bb-elementor-custom-family\">\t\t\t\t<p><a href=\"https:\/\/youth.europa.eu\/solidarity_is\">https:\/\/youth.europa.eu\/solidarity_is<\/a><\/p>\t\t\t\t<\/div>\t\t\t\t<\/div>\n\t\t\t\t<\/div>\n\t\t\t\t\t<\/div>\n\t\t<\/div>\n\t\t\t\t\t<\/div>\n\t\t<\/section>\n\t\t\t\t<section class=\"elementor-section elementor-inner-section elementor-element elementor-element-75fea239 elementor-section-boxed elementor-section-height-default elementor-section-height-default wpr-particle-no wpr-jarallax-no wpr-parallax-no wpr-sticky-section-no\" data-id=\"75fea239\" data-element_type=\"section\" data-e-type=\"section\">\n\t\t\t\t\t\t<div class=\"elementor-container elementor-column-gap-default\">\n\t\t\t\t\t<div class=\"elementor-column elementor-col-50 elementor-inner-column elementor-element elementor-element-3782d0a3\" data-id=\"3782d0a3\" data-element_type=\"column\" data-e-type=\"column\" data-settings=\"{&quot;background_background&quot;:&quot;classic&quot;}\">\n\t\t\t<div class=\"elementor-widget-wrap elementor-element-populated\">\n\t\t\t\t\t\t<div class=\"elementor-element elementor-element-1c3dd115 elementor-widget elementor-widget-text-editor\" data-id=\"1c3dd115\" data-element_type=\"widget\" data-e-type=\"widget\" data-widget_type=\"text-editor.default\">\n\t\t\t\t<div class=\"elementor-widget-container\">\n\t\t\t\t\t<div class=\"bb-theme-elementor-wrap bb-elementor-custom-color bb-elementor-custom-family bb-elementor-custom-size bb-elementor-custom-line-height\">\t\t\t\t<p>\u00d6SSZEFOGLAL\u00d3<\/p>\t\t\t\t<\/div>\t\t\t\t<\/div>\n\t\t\t\t<\/div>\n\t\t\t\t\t<\/div>\n\t\t<\/div>\n\t\t\t\t<div class=\"elementor-column elementor-col-50 elementor-inner-column elementor-element elementor-element-685b9784\" data-id=\"685b9784\" data-element_type=\"column\" data-e-type=\"column\" data-settings=\"{&quot;background_background&quot;:&quot;classic&quot;}\">\n\t\t\t<div class=\"elementor-widget-wrap elementor-element-populated\">\n\t\t\t\t\t\t<div class=\"elementor-element elementor-element-3761401 elementor-widget elementor-widget-text-editor\" data-id=\"3761401\" data-element_type=\"widget\" data-e-type=\"widget\" data-widget_type=\"text-editor.default\">\n\t\t\t\t<div class=\"elementor-widget-container\">\n\t\t\t\t\t<div class=\"bb-theme-elementor-wrap bb-elementor-custom-family\">\t\t\t\t<p>A DiscoverEU az Erasmus+ program kezdem\u00e9nyez\u00e9se, amely lehet\u0151v\u00e9 teszi, hogy felfedezd Eur\u00f3pa soksz\u00edn\u0171s\u00e9g\u00e9t, a kontinens kultur\u00e1lis \u00f6r\u00f6ks\u00e9g\u00e9t \u00e9s t\u00f6rt\u00e9nelm\u00e9t, valamint kapcsolatokat \u00e9p\u00edts ki az eg\u00e9sz kontinensr\u0151l sz\u00e1rmaz\u00f3 emberekkel.<\/p>\t\t\t\t<\/div>\t\t\t\t<\/div>\n\t\t\t\t<\/div>\n\t\t\t\t\t<\/div>\n\t\t<\/div>\n\t\t\t\t\t<\/div>\n\t\t<\/section>\n\t\t\t\t<section class=\"elementor-section elementor-inner-section elementor-element elementor-element-54a8074d elementor-section-boxed elementor-section-height-default elementor-section-height-default wpr-particle-no wpr-jarallax-no wpr-parallax-no wpr-sticky-section-no\" data-id=\"54a8074d\" data-element_type=\"section\" data-e-type=\"section\">\n\t\t\t\t\t\t<div class=\"elementor-container elementor-column-gap-default\">\n\t\t\t\t\t<div class=\"elementor-column elementor-col-50 elementor-inner-column elementor-element elementor-element-561b958e\" data-id=\"561b958e\" data-element_type=\"column\" data-e-type=\"column\" data-settings=\"{&quot;background_background&quot;:&quot;classic&quot;}\">\n\t\t\t<div class=\"elementor-widget-wrap elementor-element-populated\">\n\t\t\t\t\t\t<div class=\"elementor-element elementor-element-6ad8e553 elementor-widget elementor-widget-text-editor\" data-id=\"6ad8e553\" data-element_type=\"widget\" data-e-type=\"widget\" data-widget_type=\"text-editor.default\">\n\t\t\t\t<div class=\"elementor-widget-container\">\n\t\t\t\t\t<div class=\"bb-theme-elementor-wrap bb-elementor-custom-color bb-elementor-custom-family bb-elementor-custom-size bb-elementor-custom-line-height\">\t\t\t\t<p>C\u00c9LKIT\u0170Z\u00c9SEK<\/p>\t\t\t\t<\/div>\t\t\t\t<\/div>\n\t\t\t\t<\/div>\n\t\t\t\t\t<\/div>\n\t\t<\/div>\n\t\t\t\t<div class=\"elementor-column elementor-col-50 elementor-inner-column elementor-element elementor-element-767e1b6a\" data-id=\"767e1b6a\" data-element_type=\"column\" data-e-type=\"column\" data-settings=\"{&quot;background_background&quot;:&quot;classic&quot;}\">\n\t\t\t<div class=\"elementor-widget-wrap elementor-element-populated\">\n\t\t\t\t\t\t<div class=\"elementor-element elementor-element-61af45d8 elementor-widget elementor-widget-text-editor\" data-id=\"61af45d8\" data-element_type=\"widget\" data-e-type=\"widget\" data-widget_type=\"text-editor.default\">\n\t\t\t\t<div class=\"elementor-widget-container\">\n\t\t\t\t\t<div class=\"bb-theme-elementor-wrap bb-elementor-custom-family\">\t\t\t\t<ul><li>Biztos\u00edtson lehet\u0151s\u00e9get a fiataloknak olyan szolidarit\u00e1si tev\u00e9kenys\u00e9gekre, amelyek a k\u00f6z\u00f6ss\u00e9gek jav\u00e1t szolg\u00e1lj\u00e1k.<\/li><li>Az eur\u00f3pai \u00e9rt\u00e9kek, mint p\u00e9ld\u00e1ul a t\u00e1rsadalmi befogad\u00e1s, a soksz\u00edn\u0171s\u00e9g \u00e9s a k\u00f6rnyezeti fenntarthat\u00f3s\u00e1g n\u00e9pszer\u0171s\u00edt\u00e9se.<\/li><li>T\u00e1mogassa a fiatalok szem\u00e9lyes \u00e9s szakmai fejl\u0151d\u00e9s\u00e9t \u00f6nk\u00e9ntes munk\u00e1val, szakmai gyakorlatokkal \u00e9s munkahelyi elhelyez\u00e9ssel.<\/li><li>Az eur\u00f3pai fiatalok k\u00f6z\u00f6tti interkultur\u00e1lis meg\u00e9rt\u00e9s \u00e9s egy\u00fcttm\u0171k\u00f6d\u00e9s er\u0151s\u00edt\u00e9se.<\/li><\/ul>\t\t\t\t<\/div>\t\t\t\t<\/div>\n\t\t\t\t<\/div>\n\t\t\t\t\t<\/div>\n\t\t<\/div>\n\t\t\t\t\t<\/div>\n\t\t<\/section>\n\t\t\t\t<section class=\"elementor-section elementor-inner-section elementor-element elementor-element-22e32d3c elementor-section-boxed elementor-section-height-default elementor-section-height-default wpr-particle-no wpr-jarallax-no wpr-parallax-no wpr-sticky-section-no\" data-id=\"22e32d3c\" data-element_type=\"section\" data-e-type=\"section\">\n\t\t\t\t\t\t<div class=\"elementor-container elementor-column-gap-default\">\n\t\t\t\t\t<div class=\"elementor-column elementor-col-50 elementor-inner-column elementor-element elementor-element-5982e2e7\" data-id=\"5982e2e7\" data-element_type=\"column\" data-e-type=\"column\" data-settings=\"{&quot;background_background&quot;:&quot;classic&quot;}\">\n\t\t\t<div class=\"elementor-widget-wrap elementor-element-populated\">\n\t\t\t\t\t\t<div class=\"elementor-element elementor-element-21c04986 elementor-widget elementor-widget-text-editor\" data-id=\"21c04986\" data-element_type=\"widget\" data-e-type=\"widget\" data-widget_type=\"text-editor.default\">\n\t\t\t\t<div class=\"elementor-widget-container\">\n\t\t\t\t\t<div class=\"bb-theme-elementor-wrap bb-elementor-custom-color bb-elementor-custom-family bb-elementor-custom-size bb-elementor-custom-line-height\">\t\t\t\t<p>KONTEXTUS \u00c9S H\u00c1TT\u00c9R<\/p>\t\t\t\t<\/div>\t\t\t\t<\/div>\n\t\t\t\t<\/div>\n\t\t\t\t\t<\/div>\n\t\t<\/div>\n\t\t\t\t<div class=\"elementor-column elementor-col-50 elementor-inner-column elementor-element elementor-element-1d48bd38\" data-id=\"1d48bd38\" data-element_type=\"column\" data-e-type=\"column\" data-settings=\"{&quot;background_background&quot;:&quot;classic&quot;}\">\n\t\t\t<div class=\"elementor-widget-wrap elementor-element-populated\">\n\t\t\t\t\t\t<div class=\"elementor-element elementor-element-572f072f elementor-widget elementor-widget-text-editor\" data-id=\"572f072f\" data-element_type=\"widget\" data-e-type=\"widget\" data-widget_type=\"text-editor.default\">\n\t\t\t\t<div class=\"elementor-widget-container\">\n\t\t\t\t\t<div class=\"bb-theme-elementor-wrap bb-elementor-custom-family\">\t\t\t\t<p>Az Eur\u00f3pai Bizotts\u00e1g \u00e1ltal 2016-ban elind\u00edtott Eur\u00f3pai Szolidarit\u00e1si Test\u00fclet az Eur\u00f3pai \u00d6nk\u00e9ntes Szolg\u00e1lat (EVS) \u00e9s m\u00e1s kor\u00e1bbi uni\u00f3s programok sikereire \u00e9p\u00edt. V\u00e1laszul szolg\u00e1l a fiatalok azon ig\u00e9ny\u00e9re, hogy olyan \u00e9rtelmes tev\u00e9kenys\u00e9gekben vegyenek r\u00e9szt, amelyek hozz\u00e1j\u00e1rulnak a t\u00e1rsadalom fejl\u0151d\u00e9s\u00e9hez, ugyanakkor el\u0151seg\u00edtik az eur\u00f3pai szolidarit\u00e1st \u00e9s egys\u00e9get.<\/p>\t\t\t\t<\/div>\t\t\t\t<\/div>\n\t\t\t\t<\/div>\n\t\t\t\t\t<\/div>\n\t\t<\/div>\n\t\t\t\t\t<\/div>\n\t\t<\/section>\n\t\t\t\t<section class=\"elementor-section elementor-inner-section elementor-element elementor-element-25b0d55f elementor-section-boxed elementor-section-height-default elementor-section-height-default wpr-particle-no wpr-jarallax-no wpr-parallax-no wpr-sticky-section-no\" data-id=\"25b0d55f\" data-element_type=\"section\" data-e-type=\"section\">\n\t\t\t\t\t\t<div class=\"elementor-container elementor-column-gap-default\">\n\t\t\t\t\t<div class=\"elementor-column elementor-col-50 elementor-inner-column elementor-element elementor-element-2565135c\" data-id=\"2565135c\" data-element_type=\"column\" data-e-type=\"column\" data-settings=\"{&quot;background_background&quot;:&quot;classic&quot;}\">\n\t\t\t<div class=\"elementor-widget-wrap elementor-element-populated\">\n\t\t\t\t\t\t<div class=\"elementor-element elementor-element-7c8449e0 elementor-widget elementor-widget-text-editor\" data-id=\"7c8449e0\" data-element_type=\"widget\" data-e-type=\"widget\" data-widget_type=\"text-editor.default\">\n\t\t\t\t<div class=\"elementor-widget-container\">\n\t\t\t\t\t<div class=\"bb-theme-elementor-wrap bb-elementor-custom-color bb-elementor-custom-family bb-elementor-custom-size bb-elementor-custom-line-height\">\t\t\t\t<p>MEGVAL\u00d3S\u00cdT\u00c1S: TEV\u00c9KENYS\u00c9GEK \u00c9S M\u00d3DSZEREK<\/p>\t\t\t\t<\/div>\t\t\t\t<\/div>\n\t\t\t\t<\/div>\n\t\t\t\t\t<\/div>\n\t\t<\/div>\n\t\t\t\t<div class=\"elementor-column elementor-col-50 elementor-inner-column elementor-element elementor-element-73ac4b1b\" data-id=\"73ac4b1b\" data-element_type=\"column\" data-e-type=\"column\" data-settings=\"{&quot;background_background&quot;:&quot;classic&quot;}\">\n\t\t\t<div class=\"elementor-widget-wrap elementor-element-populated\">\n\t\t\t\t\t\t<div class=\"elementor-element elementor-element-323a43e elementor-widget elementor-widget-text-editor\" data-id=\"323a43e\" data-element_type=\"widget\" data-e-type=\"widget\" data-widget_type=\"text-editor.default\">\n\t\t\t\t<div class=\"elementor-widget-container\">\n\t\t\t\t\t<div class=\"bb-theme-elementor-wrap bb-elementor-custom-family\">\t\t\t\t<p>Az Eur\u00f3pai Szolidarit\u00e1si Test\u00fclet keret\u00e9ben v\u00e9gzett tev\u00e9kenys\u00e9gek a k\u00f6vetkez\u0151k:<\/p><ul><li>\u00d6nk\u00e9ntess\u00e9g: A fiatalok k\u00fcl\u00f6nb\u00f6z\u0151 ter\u00fcleteken v\u00e9gezhetnek \u00f6nk\u00e9ntes munk\u00e1t, p\u00e9ld\u00e1ul a szoci\u00e1lis ell\u00e1t\u00e1s, az oktat\u00e1s, a k\u00f6rnyezetv\u00e9delem \u00e9s a kultur\u00e1lis \u00f6r\u00f6ks\u00e9g ter\u00fclet\u00e9n.<\/li><li>Gyakornoki programok \u00e9s \u00e1ll\u00e1sok: A t\u00e1rsadalmi sz\u00fcks\u00e9gletekhez hozz\u00e1j\u00e1rul\u00f3 szakmai gyakorlatok \u00e9s \u00e1ll\u00e1sok lehet\u0151s\u00e9gei.<\/li><li>Szolidarit\u00e1si projektek: olyan kezdem\u00e9nyez\u00e9sek, amelyek a k\u00f6z\u00f6ss\u00e9gek konkr\u00e9t kih\u00edv\u00e1sait kezelik, el\u0151seg\u00edtve az egy\u00fcttm\u0171k\u00f6d\u00e9st \u00e9s a szolidarit\u00e1st.<\/li><li>A m\u00f3dszerek k\u00f6z\u00f6tt szerepel a projektalap\u00fa tanul\u00e1s, a nem form\u00e1lis oktat\u00e1s \u00e9s a mentori programok, amelyek a szem\u00e9lyes \u00e9s szakmai fejl\u0151d\u00e9st t\u00e1mogatj\u00e1k.<\/li><\/ul>\t\t\t\t<\/div>\t\t\t\t<\/div>\n\t\t\t\t<\/div>\n\t\t\t\t\t<\/div>\n\t\t<\/div>\n\t\t\t\t\t<\/div>\n\t\t<\/section>\n\t\t\t\t<section class=\"elementor-section elementor-inner-section elementor-element elementor-element-38fa03de elementor-section-boxed elementor-section-height-default elementor-section-height-default wpr-particle-no wpr-jarallax-no wpr-parallax-no wpr-sticky-section-no\" data-id=\"38fa03de\" data-element_type=\"section\" data-e-type=\"section\" data-settings=\"{&quot;background_background&quot;:&quot;classic&quot;}\">\n\t\t\t\t\t\t<div class=\"elementor-container elementor-column-gap-default\">\n\t\t\t\t\t<div class=\"elementor-column elementor-col-50 elementor-inner-column elementor-element elementor-element-31d92835\" data-id=\"31d92835\" data-element_type=\"column\" data-e-type=\"column\" data-settings=\"{&quot;background_background&quot;:&quot;classic&quot;}\">\n\t\t\t<div class=\"elementor-widget-wrap elementor-element-populated\">\n\t\t\t\t\t\t<div class=\"elementor-element elementor-element-13bb5dba elementor-widget elementor-widget-text-editor\" data-id=\"13bb5dba\" data-element_type=\"widget\" data-e-type=\"widget\" data-widget_type=\"text-editor.default\">\n\t\t\t\t<div class=\"elementor-widget-container\">\n\t\t\t\t\t<div class=\"bb-theme-elementor-wrap bb-elementor-custom-color bb-elementor-custom-family bb-elementor-custom-size bb-elementor-custom-line-height\">\t\t\t\t<p>A PROJEKT EREDM\u00c9NYEI \u00c9S A TANULS\u00c1GOK<\/p>\t\t\t\t<\/div>\t\t\t\t<\/div>\n\t\t\t\t<\/div>\n\t\t\t\t\t<\/div>\n\t\t<\/div>\n\t\t\t\t<div class=\"elementor-column elementor-col-50 elementor-inner-column elementor-element elementor-element-830d523\" data-id=\"830d523\" data-element_type=\"column\" data-e-type=\"column\" data-settings=\"{&quot;background_background&quot;:&quot;classic&quot;}\">\n\t\t\t<div class=\"elementor-widget-wrap elementor-element-populated\">\n\t\t\t\t\t\t<div class=\"elementor-element elementor-element-40b393a7 elementor-widget elementor-widget-text-editor\" data-id=\"40b393a7\" data-element_type=\"widget\" data-e-type=\"widget\" data-widget_type=\"text-editor.default\">\n\t\t\t\t<div class=\"elementor-widget-container\">\n\t\t\t\t\t<div class=\"bb-theme-elementor-wrap bb-elementor-custom-family\">\t\t\t\t<p>Eredm\u00e9nyek: A fiatalok fokozottabb polg\u00e1ri szerepv\u00e1llal\u00e1sa, meger\u0151s\u00f6d\u00f6tt k\u00f6z\u00f6ss\u00e9gi k\u00f6tel\u00e9kek, k\u00e9zzelfoghat\u00f3 hozz\u00e1j\u00e1rul\u00e1s a t\u00e1rsadalmi kih\u00edv\u00e1sok megold\u00e1s\u00e1hoz, a k\u00e9szs\u00e9gfejleszt\u00e9s r\u00e9v\u00e9n javult foglalkoztathat\u00f3s\u00e1g.<br \/><br \/>Tanuls\u00e1gok: A rugalmass\u00e1g fontoss\u00e1ga a projekttervez\u00e9sben, a fenntarthat\u00f3 finansz\u00edroz\u00e1si modellek sz\u00fcks\u00e9gess\u00e9ge, a kult\u00farak\u00f6zi cser\u00e9k hat\u00e1sa a szem\u00e9lyes fejl\u0151d\u00e9sre.<\/p>\t\t\t\t<\/div>\t\t\t\t<\/div>\n\t\t\t\t<\/div>\n\t\t\t\t\t<\/div>\n\t\t<\/div>\n\t\t\t\t\t<\/div>\n\t\t<\/section>\n\t\t\t\t<section class=\"elementor-section elementor-inner-section elementor-element elementor-element-563260d elementor-section-boxed elementor-section-height-default elementor-section-height-default wpr-particle-no wpr-jarallax-no wpr-parallax-no wpr-sticky-section-no\" data-id=\"563260d\" data-element_type=\"section\" data-e-type=\"section\">\n\t\t\t\t\t\t<div class=\"elementor-container elementor-column-gap-default\">\n\t\t\t\t\t<div class=\"elementor-column elementor-col-50 elementor-inner-column elementor-element elementor-element-55216005\" data-id=\"55216005\" data-element_type=\"column\" data-e-type=\"column\" data-settings=\"{&quot;background_background&quot;:&quot;classic&quot;}\">\n\t\t\t<div class=\"elementor-widget-wrap elementor-element-populated\">\n\t\t\t\t\t\t<div class=\"elementor-element elementor-element-4bf341fa elementor-widget elementor-widget-text-editor\" data-id=\"4bf341fa\" data-element_type=\"widget\" data-e-type=\"widget\" data-widget_type=\"text-editor.default\">\n\t\t\t\t<div class=\"elementor-widget-container\">\n\t\t\t\t\t<div class=\"bb-theme-elementor-wrap bb-elementor-custom-color bb-elementor-custom-family bb-elementor-custom-size bb-elementor-custom-line-height\">\t\t\t\t<p>HAT\u00c1S<\/p>\t\t\t\t<\/div>\t\t\t\t<\/div>\n\t\t\t\t<\/div>\n\t\t\t\t\t<\/div>\n\t\t<\/div>\n\t\t\t\t<div class=\"elementor-column elementor-col-50 elementor-inner-column elementor-element elementor-element-4bbcd733\" data-id=\"4bbcd733\" data-element_type=\"column\" data-e-type=\"column\" data-settings=\"{&quot;background_background&quot;:&quot;classic&quot;}\">\n\t\t\t<div class=\"elementor-widget-wrap elementor-element-populated\">\n\t\t\t\t\t\t<div class=\"elementor-element elementor-element-5670b067 elementor-widget elementor-widget-text-editor\" data-id=\"5670b067\" data-element_type=\"widget\" data-e-type=\"widget\" data-widget_type=\"text-editor.default\">\n\t\t\t\t<div class=\"elementor-widget-container\">\n\t\t\t\t\t<div class=\"bb-theme-elementor-wrap bb-elementor-custom-family\">\t\t\t\t<p>Az Eur\u00f3pai Szolidarit\u00e1si Test\u00fclet t\u00f6bb ezer fiatalra \u00e9s k\u00f6z\u00f6ss\u00e9gre gyakorolt hat\u00e1st Eur\u00f3pa-szerte az\u00e1ltal, hogy el\u0151seg\u00edtette a szolidarit\u00e1st, \u00f6szt\u00f6n\u00f6zte az akt\u00edv polg\u00e1ri szerepv\u00e1llal\u00e1st, \u00e9s ifj\u00fas\u00e1gi kezdem\u00e9nyez\u00e9sek r\u00e9v\u00e9n foglalkozott helyi \u00e9s region\u00e1lis kih\u00edv\u00e1sokkal.<\/p>\t\t\t\t<\/div>\t\t\t\t<\/div>\n\t\t\t\t<\/div>\n\t\t\t\t\t<\/div>\n\t\t<\/div>\n\t\t\t\t\t<\/div>\n\t\t<\/section>\n\t\t\t\t\t<\/div>\n\t\t<\/div>\n\t\t\t\t\t<\/div>\n\t\t<\/section>\n\t\t\t\t<\/div>","protected":false},"excerpt":{"rendered":"<p>Back to the Good Practices European Solidarity Corps GENERAL INFORMATION The European Solidarity Corps is an initiative by the European Union that aims to create&hellip;<\/p>","protected":false},"author":140,"featured_media":0,"parent":0,"menu_order":0,"comment_status":"closed","ping_status":"closed","template":"","meta":{"_uag_custom_page_level_css":"","footnotes":""},"class_list":["post-4514","page","type-page","status-publish","hentry"],"uagb_featured_image_src":{"full":false,"thumbnail":false,"medium":false,"medium_large":false,"large":false,"1536x1536":false,"2048x2048":false,"trp-custom-language-flag":false,"post-thumbnail":false},"uagb_author_info":{"display_name":"L\u00e1szl\u00f3 Viniczai","author_link":"https:\/\/youthmatchpoint.eu\/hu\/author\/viniczailaszlo\/"},"uagb_comment_info":0,"uagb_excerpt":"Back to the Good Practices European Solidarity Corps GENERAL INFORMATION The European Solidarity Corps is an initiative by the European Union that aims to create&hellip;","_links":{"self":[{"href":"https:\/\/youthmatchpoint.eu\/hu\/wp-json\/wp\/v2\/pages\/4514","targetHints":{"allow":["GET"]}}],"collection":[{"href":"https:\/\/youthmatchpoint.eu\/hu\/wp-json\/wp\/v2\/pages"}],"about":[{"href":"https:\/\/youthmatchpoint.eu\/hu\/wp-json\/wp\/v2\/types\/page"}],"author":[{"embeddable":true,"href":"https:\/\/youthmatchpoint.eu\/hu\/wp-json\/wp\/v2\/users\/140"}],"replies":[{"embeddable":true,"href":"https:\/\/youthmatchpoint.eu\/hu\/wp-json\/wp\/v2\/comments?post=4514"}],"version-history":[{"count":22,"href":"https:\/\/youthmatchpoint.eu\/hu\/wp-json\/wp\/v2\/pages\/4514\/revisions"}],"predecessor-version":[{"id":4550,"href":"https:\/\/youthmatchpoint.eu\/hu\/wp-json\/wp\/v2\/pages\/4514\/revisions\/4550"}],"wp:attachment":[{"href":"https:\/\/youthmatchpoint.eu\/hu\/wp-json\/wp\/v2\/media?parent=4514"}],"curies":[{"name":"wp","href":"https:\/\/api.w.org\/{rel}","templated":true}]}}