{"id":4539,"date":"2025-10-16T15:52:21","date_gmt":"2025-10-16T15:52:21","guid":{"rendered":"https:\/\/youthmatchpoint.eu\/?page_id=4539"},"modified":"2025-10-16T15:59:00","modified_gmt":"2025-10-16T15:59:00","slug":"hiphop4hope","status":"publish","type":"page","link":"https:\/\/youthmatchpoint.eu\/hu\/hiphop4hope\/","title":{"rendered":"HipHop4Hope"},"content":{"rendered":"<div data-elementor-type=\"wp-page\" data-elementor-id=\"4539\" class=\"elementor elementor-4539\" data-elementor-post-type=\"page\">\n\t\t\t\t<div class=\"elementor-element elementor-element-52d2b0a9 e-flex e-con-boxed wpr-particle-no wpr-jarallax-no wpr-parallax-no wpr-sticky-section-no e-con e-parent\" data-id=\"52d2b0a9\" data-element_type=\"container\" data-e-type=\"container\">\n\t\t\t\t\t<div class=\"e-con-inner\">\n\t\t\t\t<div class=\"elementor-element elementor-element-7a720f0f elementor-mobile-align-center elementor-widget elementor-widget-button\" data-id=\"7a720f0f\" data-element_type=\"widget\" data-e-type=\"widget\" data-widget_type=\"button.default\">\n\t\t\t\t<div class=\"elementor-widget-container\">\n\t\t\t\t\t\t\t\t\t<div class=\"elementor-button-wrapper\">\n\t\t\t\t\t<a class=\"elementor-button elementor-button-link elementor-size-sm elementor-animation-pop\" href=\"\/hu\/good-practices\/\">\n\t\t\t\t\t\t<span class=\"elementor-button-content-wrapper\">\n\t\t\t\t\t\t\t\t\t<span class=\"elementor-button-text\">Back to the Good Practices<\/span>\n\t\t\t\t\t<\/span>\n\t\t\t\t\t<\/a>\n\t\t\t\t<\/div>\n\t\t\t\t\t\t\t\t<\/div>\n\t\t\t\t<\/div>\n\t\t\t\t\t<\/div>\n\t\t\t\t<\/div>\n\t\t\t\t<section class=\"elementor-section elementor-top-section elementor-element elementor-element-75918981 elementor-section-stretched elementor-section-boxed elementor-section-height-default elementor-section-height-default wpr-particle-no wpr-jarallax-no wpr-parallax-no wpr-sticky-section-no\" data-id=\"75918981\" data-element_type=\"section\" data-e-type=\"section\" data-settings=\"{&quot;stretch_section&quot;:&quot;section-stretched&quot;,&quot;background_background&quot;:&quot;classic&quot;}\">\n\t\t\t\t\t\t<div class=\"elementor-container elementor-column-gap-default\">\n\t\t\t\t\t<div class=\"elementor-column elementor-col-100 elementor-top-column elementor-element elementor-element-7e2ed163\" data-id=\"7e2ed163\" data-element_type=\"column\" data-e-type=\"column\">\n\t\t\t<div class=\"elementor-widget-wrap elementor-element-populated\">\n\t\t\t\t\t\t<div class=\"elementor-element elementor-element-8e5d496 elementor-widget elementor-widget-heading\" data-id=\"8e5d496\" data-element_type=\"widget\" data-e-type=\"widget\" data-widget_type=\"heading.default\">\n\t\t\t\t<div class=\"elementor-widget-container\">\n\t\t\t\t\t<h2 class=\"elementor-heading-title elementor-size-default\">HipHop4Hope<\/h2>\t\t\t\t<\/div>\n\t\t\t\t<\/div>\n\t\t\t\t<section class=\"elementor-section elementor-inner-section elementor-element elementor-element-727f5ce2 elementor-section-boxed elementor-section-height-default elementor-section-height-default wpr-particle-no wpr-jarallax-no wpr-parallax-no wpr-sticky-section-no\" data-id=\"727f5ce2\" data-element_type=\"section\" data-e-type=\"section\">\n\t\t\t\t\t\t<div class=\"elementor-container elementor-column-gap-default\">\n\t\t\t\t\t<div class=\"elementor-column elementor-col-50 elementor-inner-column elementor-element elementor-element-30cc2320\" data-id=\"30cc2320\" data-element_type=\"column\" data-e-type=\"column\" data-settings=\"{&quot;background_background&quot;:&quot;classic&quot;}\">\n\t\t\t<div class=\"elementor-widget-wrap elementor-element-populated\">\n\t\t\t\t\t\t<div class=\"elementor-element elementor-element-697ba355 elementor-widget elementor-widget-text-editor\" data-id=\"697ba355\" data-element_type=\"widget\" data-e-type=\"widget\" data-widget_type=\"text-editor.default\">\n\t\t\t\t<div class=\"elementor-widget-container\">\n\t\t\t\t\t<div class=\"bb-theme-elementor-wrap bb-elementor-custom-color bb-elementor-custom-family bb-elementor-custom-size bb-elementor-custom-line-height\">\t\t\t\t<p>\u00c1LTAL\u00c1NOS INFORM\u00c1CI\u00d3K<\/p>\t\t\t\t<\/div>\t\t\t\t<\/div>\n\t\t\t\t<\/div>\n\t\t\t\t\t<\/div>\n\t\t<\/div>\n\t\t\t\t<div class=\"elementor-column elementor-col-50 elementor-inner-column elementor-element elementor-element-5ee902e\" data-id=\"5ee902e\" data-element_type=\"column\" data-e-type=\"column\" data-settings=\"{&quot;background_background&quot;:&quot;classic&quot;}\">\n\t\t\t<div class=\"elementor-widget-wrap elementor-element-populated\">\n\t\t\t\t\t\t<div class=\"elementor-element elementor-element-11f1029e elementor-widget elementor-widget-text-editor\" data-id=\"11f1029e\" data-element_type=\"widget\" data-e-type=\"widget\" data-widget_type=\"text-editor.default\">\n\t\t\t\t<div class=\"elementor-widget-container\">\n\t\t\t\t\t<div class=\"bb-theme-elementor-wrap bb-elementor-custom-family\">\t\t\t\t<p>A HipHop4Hope egy nonprofit szervezet, amely a hiphop kult\u00far\u00e1t haszn\u00e1lja fel arra, hogy a bizonytalan k\u00f6r\u00fclm\u00e9nyek k\u00f6z\u00f6tt \u00e9l\u0151 fiatalokat t\u00e1mogassa \u00e9s felemelje. A projekt t\u00f6bb orsz\u00e1gban is m\u0171k\u00f6dik, t\u00f6bbek k\u00f6z\u00f6tt G\u00f6r\u00f6gorsz\u00e1gban, a F\u00fcl\u00f6p-szigeteken \u00e9s N\u00e9metorsz\u00e1gban, ahol ingyenes \u00f3r\u00e1kat, m\u0171helyeket \u00e9s k\u00f6z\u00f6ss\u00e9gi esem\u00e9nyeket szerveznek a hiphop k\u00fcl\u00f6nb\u00f6z\u0151 elemeire \u00f6sszpontos\u00edtva.<\/p>\t\t\t\t<\/div>\t\t\t\t<\/div>\n\t\t\t\t<\/div>\n\t\t\t\t\t<\/div>\n\t\t<\/div>\n\t\t\t\t\t<\/div>\n\t\t<\/section>\n\t\t\t\t<section class=\"elementor-section elementor-inner-section elementor-element elementor-element-3ea1a152 elementor-section-boxed elementor-section-height-default elementor-section-height-default wpr-particle-no wpr-jarallax-no wpr-parallax-no wpr-sticky-section-no\" data-id=\"3ea1a152\" data-element_type=\"section\" data-e-type=\"section\">\n\t\t\t\t\t\t<div class=\"elementor-container elementor-column-gap-default\">\n\t\t\t\t\t<div class=\"elementor-column elementor-col-50 elementor-inner-column elementor-element elementor-element-6728f0a2\" data-id=\"6728f0a2\" data-element_type=\"column\" data-e-type=\"column\" data-settings=\"{&quot;background_background&quot;:&quot;classic&quot;}\">\n\t\t\t<div class=\"elementor-widget-wrap elementor-element-populated\">\n\t\t\t\t\t\t<div class=\"elementor-element elementor-element-b3ceee6 elementor-widget elementor-widget-text-editor\" data-id=\"b3ceee6\" data-element_type=\"widget\" data-e-type=\"widget\" data-widget_type=\"text-editor.default\">\n\t\t\t\t<div class=\"elementor-widget-container\">\n\t\t\t\t\t<div class=\"bb-theme-elementor-wrap bb-elementor-custom-color bb-elementor-custom-family bb-elementor-custom-size bb-elementor-custom-line-height\">\t\t\t\t<p>HASZNOS LINKEK<\/p>\t\t\t\t<\/div>\t\t\t\t<\/div>\n\t\t\t\t<\/div>\n\t\t\t\t\t<\/div>\n\t\t<\/div>\n\t\t\t\t<div class=\"elementor-column elementor-col-50 elementor-inner-column elementor-element elementor-element-6d7dc19b\" data-id=\"6d7dc19b\" data-element_type=\"column\" data-e-type=\"column\" data-settings=\"{&quot;background_background&quot;:&quot;classic&quot;}\">\n\t\t\t<div class=\"elementor-widget-wrap elementor-element-populated\">\n\t\t\t\t\t\t<div class=\"elementor-element elementor-element-7d5ff0f3 elementor-widget elementor-widget-text-editor\" data-id=\"7d5ff0f3\" data-element_type=\"widget\" data-e-type=\"widget\" data-widget_type=\"text-editor.default\">\n\t\t\t\t<div class=\"elementor-widget-container\">\n\t\t\t\t\t<div class=\"bb-theme-elementor-wrap bb-elementor-custom-family\">\t\t\t\t<p><a href=\"https:\/\/www.gofundme.com\/f\/hiphop4hope-inspire-the-youth\">https:\/\/www.gofundme.com\/f\/hiphop4hope-inspire-the-youth<\/a> <br \/><a href=\"https:\/\/www.hiphop4hope.com\/greece\">https:\/\/www.hiphop4hope.com\/greece<\/a> <br \/><a href=\"https:\/\/www.hiphop4hope.com\/\">https:\/\/www.hiphop4hope.com\/ <\/a><\/p>\t\t\t\t<\/div>\t\t\t\t<\/div>\n\t\t\t\t<\/div>\n\t\t\t\t\t<\/div>\n\t\t<\/div>\n\t\t\t\t\t<\/div>\n\t\t<\/section>\n\t\t\t\t<section class=\"elementor-section elementor-inner-section elementor-element elementor-element-209612d6 elementor-section-boxed elementor-section-height-default elementor-section-height-default wpr-particle-no wpr-jarallax-no wpr-parallax-no wpr-sticky-section-no\" data-id=\"209612d6\" data-element_type=\"section\" data-e-type=\"section\">\n\t\t\t\t\t\t<div class=\"elementor-container elementor-column-gap-default\">\n\t\t\t\t\t<div class=\"elementor-column elementor-col-50 elementor-inner-column elementor-element elementor-element-92f9884\" data-id=\"92f9884\" data-element_type=\"column\" data-e-type=\"column\" data-settings=\"{&quot;background_background&quot;:&quot;classic&quot;}\">\n\t\t\t<div class=\"elementor-widget-wrap elementor-element-populated\">\n\t\t\t\t\t\t<div class=\"elementor-element elementor-element-14d9ddc5 elementor-widget elementor-widget-text-editor\" data-id=\"14d9ddc5\" data-element_type=\"widget\" data-e-type=\"widget\" data-widget_type=\"text-editor.default\">\n\t\t\t\t<div class=\"elementor-widget-container\">\n\t\t\t\t\t<div class=\"bb-theme-elementor-wrap bb-elementor-custom-color bb-elementor-custom-family bb-elementor-custom-size bb-elementor-custom-line-height\">\t\t\t\t<p>\u00d6SSZEFOGLAL\u00d3<\/p>\t\t\t\t<\/div>\t\t\t\t<\/div>\n\t\t\t\t<\/div>\n\t\t\t\t\t<\/div>\n\t\t<\/div>\n\t\t\t\t<div class=\"elementor-column elementor-col-50 elementor-inner-column elementor-element elementor-element-2b7a0c7b\" data-id=\"2b7a0c7b\" data-element_type=\"column\" data-e-type=\"column\" data-settings=\"{&quot;background_background&quot;:&quot;classic&quot;}\">\n\t\t\t<div class=\"elementor-widget-wrap elementor-element-populated\">\n\t\t\t\t\t\t<div class=\"elementor-element elementor-element-29596c09 elementor-widget elementor-widget-text-editor\" data-id=\"29596c09\" data-element_type=\"widget\" data-e-type=\"widget\" data-widget_type=\"text-editor.default\">\n\t\t\t\t<div class=\"elementor-widget-container\">\n\t\t\t\t\t<div class=\"bb-theme-elementor-wrap bb-elementor-custom-family\">\t\t\t\t<p>A HipHop4Hope a hiphop kult\u00fara elemeit felhaszn\u00e1lva teremt k\u00f6z\u00f6ss\u00e9gi tereket, \u00e9s el\u0151seg\u00edti a k\u00fcl\u00f6nb\u00f6z\u0151 \u00e9s bizonytalan h\u00e1tt\u00e9rrel rendelkez\u0151 fiatalok j\u00f3l\u00e9t\u00e9t \u00e9s szem\u00e9lyes fejl\u0151d\u00e9s\u00e9t. Rendszeres \u00f3r\u00e1kon, k\u00f6z\u00f6ss\u00e9gi rendezv\u00e9nyeken \u00e9s k\u00f6z\u00f6s projektekben a kezdem\u00e9nyez\u00e9s c\u00e9lja, hogy inspir\u00e1lja a fiatalokat \u00e9s elsaj\u00e1t\u00edttassa vel\u00fck az \u00e9lethez sz\u00fcks\u00e9ges alapvet\u0151 k\u00e9szs\u00e9geket.<\/p>\t\t\t\t<\/div>\t\t\t\t<\/div>\n\t\t\t\t<\/div>\n\t\t\t\t\t<\/div>\n\t\t<\/div>\n\t\t\t\t\t<\/div>\n\t\t<\/section>\n\t\t\t\t<section class=\"elementor-section elementor-inner-section elementor-element elementor-element-4f42a5ab elementor-section-boxed elementor-section-height-default elementor-section-height-default wpr-particle-no wpr-jarallax-no wpr-parallax-no wpr-sticky-section-no\" data-id=\"4f42a5ab\" data-element_type=\"section\" data-e-type=\"section\">\n\t\t\t\t\t\t<div class=\"elementor-container elementor-column-gap-default\">\n\t\t\t\t\t<div class=\"elementor-column elementor-col-50 elementor-inner-column elementor-element elementor-element-19b6de88\" data-id=\"19b6de88\" data-element_type=\"column\" data-e-type=\"column\" data-settings=\"{&quot;background_background&quot;:&quot;classic&quot;}\">\n\t\t\t<div class=\"elementor-widget-wrap elementor-element-populated\">\n\t\t\t\t\t\t<div class=\"elementor-element elementor-element-22ad387e elementor-widget elementor-widget-text-editor\" data-id=\"22ad387e\" data-element_type=\"widget\" data-e-type=\"widget\" data-widget_type=\"text-editor.default\">\n\t\t\t\t<div class=\"elementor-widget-container\">\n\t\t\t\t\t<div class=\"bb-theme-elementor-wrap bb-elementor-custom-color bb-elementor-custom-family bb-elementor-custom-size bb-elementor-custom-line-height\">\t\t\t\t<p>C\u00c9LKIT\u0170Z\u00c9SEK<\/p>\t\t\t\t<\/div>\t\t\t\t<\/div>\n\t\t\t\t<\/div>\n\t\t\t\t\t<\/div>\n\t\t<\/div>\n\t\t\t\t<div class=\"elementor-column elementor-col-50 elementor-inner-column elementor-element elementor-element-73373bfc\" data-id=\"73373bfc\" data-element_type=\"column\" data-e-type=\"column\" data-settings=\"{&quot;background_background&quot;:&quot;classic&quot;}\">\n\t\t\t<div class=\"elementor-widget-wrap elementor-element-populated\">\n\t\t\t\t\t\t<div class=\"elementor-element elementor-element-53cf82d4 elementor-widget elementor-widget-text-editor\" data-id=\"53cf82d4\" data-element_type=\"widget\" data-e-type=\"widget\" data-widget_type=\"text-editor.default\">\n\t\t\t\t<div class=\"elementor-widget-container\">\n\t\t\t\t\t<div class=\"bb-theme-elementor-wrap bb-elementor-custom-family\">\t\t\t\t<ul><li>A fiatalok t\u00e1mogat\u00e1sa a hiphop kult\u00fara elemeinek seg\u00edts\u00e9g\u00e9vel.<\/li><li>A ment\u00e1lis \u00e9s fizikai j\u00f3l\u00e9t, valamint a szem\u00e9lyes fejl\u0151d\u00e9s el\u0151seg\u00edt\u00e9se.<\/li><li>A k\u00f6z\u00f6ss\u00e9ghez tartoz\u00e1s \u00e9rz\u00e9s\u00e9nek \u00e9s a r\u00e9sztvev\u0151k k\u00f6z\u00f6tti \u00f6sszetartoz\u00e1s \u00e9rz\u00e9s\u00e9nek el\u0151mozd\u00edt\u00e1sa.<\/li><li>Biztons\u00e1gos t\u00e9r biztos\u00edt\u00e1sa az \u00f6nkifejez\u00e9shez \u00e9s a kreativit\u00e1shoz.<\/li><li>A fiatalok t\u00e1mogat\u00e1sa abban, hogy \u00e9let\u00fcket pozit\u00edv ir\u00e1nyba terelj\u00e9k.<\/li><\/ul>\t\t\t\t<\/div>\t\t\t\t<\/div>\n\t\t\t\t<\/div>\n\t\t\t\t\t<\/div>\n\t\t<\/div>\n\t\t\t\t\t<\/div>\n\t\t<\/section>\n\t\t\t\t<section class=\"elementor-section elementor-inner-section elementor-element elementor-element-810fe1e elementor-section-boxed elementor-section-height-default elementor-section-height-default wpr-particle-no wpr-jarallax-no wpr-parallax-no wpr-sticky-section-no\" data-id=\"810fe1e\" data-element_type=\"section\" data-e-type=\"section\">\n\t\t\t\t\t\t<div class=\"elementor-container elementor-column-gap-default\">\n\t\t\t\t\t<div class=\"elementor-column elementor-col-50 elementor-inner-column elementor-element elementor-element-7c20aa79\" data-id=\"7c20aa79\" data-element_type=\"column\" data-e-type=\"column\" data-settings=\"{&quot;background_background&quot;:&quot;classic&quot;}\">\n\t\t\t<div class=\"elementor-widget-wrap elementor-element-populated\">\n\t\t\t\t\t\t<div class=\"elementor-element elementor-element-13697890 elementor-widget elementor-widget-text-editor\" data-id=\"13697890\" data-element_type=\"widget\" data-e-type=\"widget\" data-widget_type=\"text-editor.default\">\n\t\t\t\t<div class=\"elementor-widget-container\">\n\t\t\t\t\t<div class=\"bb-theme-elementor-wrap bb-elementor-custom-color bb-elementor-custom-family bb-elementor-custom-size bb-elementor-custom-line-height\">\t\t\t\t<p>KONTEXTUS \u00c9S H\u00c1TT\u00c9R<\/p>\t\t\t\t<\/div>\t\t\t\t<\/div>\n\t\t\t\t<\/div>\n\t\t\t\t\t<\/div>\n\t\t<\/div>\n\t\t\t\t<div class=\"elementor-column elementor-col-50 elementor-inner-column elementor-element elementor-element-19dfd1b4\" data-id=\"19dfd1b4\" data-element_type=\"column\" data-e-type=\"column\" data-settings=\"{&quot;background_background&quot;:&quot;classic&quot;}\">\n\t\t\t<div class=\"elementor-widget-wrap elementor-element-populated\">\n\t\t\t\t\t\t<div class=\"elementor-element elementor-element-18a73aff elementor-widget elementor-widget-text-editor\" data-id=\"18a73aff\" data-element_type=\"widget\" data-e-type=\"widget\" data-widget_type=\"text-editor.default\">\n\t\t\t\t<div class=\"elementor-widget-container\">\n\t\t\t\t\t<div class=\"bb-theme-elementor-wrap bb-elementor-custom-family\">\t\t\t\t<p>A HipHop4Hope-ot az\u00e9rt hozt\u00e1k l\u00e9tre, hogy foglalkozzon a bizonytalan \u00e9letk\u00f6r\u00fclm\u00e9nyek k\u00f6z\u00f6tt \u00e9l\u0151 fiatalok el\u0151tt \u00e1ll\u00f3 kih\u00edv\u00e1sokkal, t\u00f6bbek k\u00f6z\u00f6tt az er\u0151szakkal, a lehet\u0151s\u00e9gek hi\u00e1ny\u00e1val \u00e9s a t\u00e1rsadalmi kirekeszt\u00e9ssel. A hiphopot mint elk\u00f6telezetts\u00e9get el\u0151seg\u00edt\u0151 eszk\u00f6zt felhaszn\u00e1lva a projekt c\u00e9lja, hogy a fiatalok \u00f6nbizalm\u00e1t, rugalmass\u00e1g\u00e1t \u00e9s pozit\u00edv identit\u00e1s\u00e9rzet\u00e9t er\u0151s\u00edtse.<\/p>\t\t\t\t<\/div>\t\t\t\t<\/div>\n\t\t\t\t<\/div>\n\t\t\t\t\t<\/div>\n\t\t<\/div>\n\t\t\t\t\t<\/div>\n\t\t<\/section>\n\t\t\t\t<section class=\"elementor-section elementor-inner-section elementor-element elementor-element-32b0772c elementor-section-boxed elementor-section-height-default elementor-section-height-default wpr-particle-no wpr-jarallax-no wpr-parallax-no wpr-sticky-section-no\" data-id=\"32b0772c\" data-element_type=\"section\" data-e-type=\"section\">\n\t\t\t\t\t\t<div class=\"elementor-container elementor-column-gap-default\">\n\t\t\t\t\t<div class=\"elementor-column elementor-col-50 elementor-inner-column elementor-element elementor-element-166d9777\" data-id=\"166d9777\" data-element_type=\"column\" data-e-type=\"column\" data-settings=\"{&quot;background_background&quot;:&quot;classic&quot;}\">\n\t\t\t<div class=\"elementor-widget-wrap elementor-element-populated\">\n\t\t\t\t\t\t<div class=\"elementor-element elementor-element-27f830a9 elementor-widget elementor-widget-text-editor\" data-id=\"27f830a9\" data-element_type=\"widget\" data-e-type=\"widget\" data-widget_type=\"text-editor.default\">\n\t\t\t\t<div class=\"elementor-widget-container\">\n\t\t\t\t\t<div class=\"bb-theme-elementor-wrap bb-elementor-custom-color bb-elementor-custom-family bb-elementor-custom-size bb-elementor-custom-line-height\">\t\t\t\t<p>MEGVAL\u00d3S\u00cdT\u00c1S: TEV\u00c9KENYS\u00c9GEK \u00c9S M\u00d3DSZEREK<\/p>\t\t\t\t<\/div>\t\t\t\t<\/div>\n\t\t\t\t<\/div>\n\t\t\t\t\t<\/div>\n\t\t<\/div>\n\t\t\t\t<div class=\"elementor-column elementor-col-50 elementor-inner-column elementor-element elementor-element-7180f4d7\" data-id=\"7180f4d7\" data-element_type=\"column\" data-e-type=\"column\" data-settings=\"{&quot;background_background&quot;:&quot;classic&quot;}\">\n\t\t\t<div class=\"elementor-widget-wrap elementor-element-populated\">\n\t\t\t\t\t\t<div class=\"elementor-element elementor-element-3dd7c882 elementor-widget elementor-widget-text-editor\" data-id=\"3dd7c882\" data-element_type=\"widget\" data-e-type=\"widget\" data-widget_type=\"text-editor.default\">\n\t\t\t\t<div class=\"elementor-widget-container\">\n\t\t\t\t\t<div class=\"bb-theme-elementor-wrap bb-elementor-custom-family\">\t\t\t\t<ul><li>Rendszeres \u00f3r\u00e1k: Ingyenes \u00f3r\u00e1k hiphop t\u00e1nc, rap, graffiti, DJ-z\u00e9s \u00e9s MC-z\u00e9s t\u00e9m\u00e1kban.<\/li><li>K\u00f6z\u00f6ss\u00e9gi esem\u00e9nyek: Havi esem\u00e9nyek, mint p\u00e9ld\u00e1ul filmestek, workshopok \u00e9s t\u00e1ncos \u00f6sszej\u00f6vetelek a k\u00f6z\u00f6ss\u00e9gi szellem er\u0151s\u00edt\u00e9se \u00e9rdek\u00e9ben.<\/li><li>Egy\u00fcttm\u0171k\u00f6d\u00e9si projektek: Partners\u00e9gek helyi szervezetekkel \u00e9s hiphop-kollekt\u00edv\u00e1kkal, hogy \u00f6szt\u00f6nz\u0151 platformokat hozzunk l\u00e9tre.<\/li><li>Ifj\u00fas\u00e1gi programok: Inspir\u00e1l\u00f3 m\u0171helyek mened\u00e9khelyeken \u00e9s ifj\u00fas\u00e1gi k\u00f6zpontokban, amelyek c\u00e9lja a hiphop kult\u00fara bemutat\u00e1sa \u00e9s a fiatalok bevon\u00e1sa a hagyom\u00e1nyos oktat\u00e1sba.<\/li><\/ul>\t\t\t\t<\/div>\t\t\t\t<\/div>\n\t\t\t\t<\/div>\n\t\t\t\t\t<\/div>\n\t\t<\/div>\n\t\t\t\t\t<\/div>\n\t\t<\/section>\n\t\t\t\t<section class=\"elementor-section elementor-inner-section elementor-element elementor-element-8910d7b elementor-section-boxed elementor-section-height-default elementor-section-height-default wpr-particle-no wpr-jarallax-no wpr-parallax-no wpr-sticky-section-no\" data-id=\"8910d7b\" data-element_type=\"section\" data-e-type=\"section\" data-settings=\"{&quot;background_background&quot;:&quot;classic&quot;}\">\n\t\t\t\t\t\t<div class=\"elementor-container elementor-column-gap-default\">\n\t\t\t\t\t<div class=\"elementor-column elementor-col-50 elementor-inner-column elementor-element elementor-element-667e0710\" data-id=\"667e0710\" data-element_type=\"column\" data-e-type=\"column\" data-settings=\"{&quot;background_background&quot;:&quot;classic&quot;}\">\n\t\t\t<div class=\"elementor-widget-wrap elementor-element-populated\">\n\t\t\t\t\t\t<div class=\"elementor-element elementor-element-3f7ab4ff elementor-widget elementor-widget-text-editor\" data-id=\"3f7ab4ff\" data-element_type=\"widget\" data-e-type=\"widget\" data-widget_type=\"text-editor.default\">\n\t\t\t\t<div class=\"elementor-widget-container\">\n\t\t\t\t\t<div class=\"bb-theme-elementor-wrap bb-elementor-custom-color bb-elementor-custom-family bb-elementor-custom-size bb-elementor-custom-line-height\">\t\t\t\t<p>A PROJEKT EREDM\u00c9NYEI \u00c9S A TANULS\u00c1GOK<\/p>\t\t\t\t<\/div>\t\t\t\t<\/div>\n\t\t\t\t<\/div>\n\t\t\t\t\t<\/div>\n\t\t<\/div>\n\t\t\t\t<div class=\"elementor-column elementor-col-50 elementor-inner-column elementor-element elementor-element-135868e9\" data-id=\"135868e9\" data-element_type=\"column\" data-e-type=\"column\" data-settings=\"{&quot;background_background&quot;:&quot;classic&quot;}\">\n\t\t\t<div class=\"elementor-widget-wrap elementor-element-populated\">\n\t\t\t\t\t\t<div class=\"elementor-element elementor-element-1cfcd80c elementor-widget elementor-widget-text-editor\" data-id=\"1cfcd80c\" data-element_type=\"widget\" data-e-type=\"widget\" data-widget_type=\"text-editor.default\">\n\t\t\t\t<div class=\"elementor-widget-container\">\n\t\t\t\t\t<div class=\"bb-theme-elementor-wrap bb-elementor-custom-family\">\t\t\t\t<p>Eredm\u00e9nyek:<\/p><ul><li>Ath\u00e9nban t\u00f6bb mint 214 \u00f3r\u00e1t tartott, amelyeken 24 nemzetis\u00e9g\u0171 fiatal vett r\u00e9szt.<\/li><li>22 k\u00f6z\u00f6ss\u00e9gi rendezv\u00e9nyt szervezett, amelyeken t\u00f6bb mint 1300 r\u00e9sztvev\u0151 vett r\u00e9szt.<\/li><li>L\u00e9trehozott egy t\u00e1mogat\u00f3 k\u00f6z\u00f6ss\u00e9get a fiatalok sz\u00e1m\u00e1ra, hogy kifejezhess\u00e9k magukat \u00e9s fejlessz\u00e9k alapvet\u0151 k\u00e9szs\u00e9geiket.<\/li><\/ul><p>Tanuls\u00e1gok:<\/p><ul><li>Magas szint\u0171 elk\u00f6telezetts\u00e9g a fiatalok \u00e1ltal vezetett \u00e9s a k\u00f6z\u00f6ss\u00e9g \u00e1ltal ir\u00e1ny\u00edtott megk\u00f6zel\u00edt\u00e9sek r\u00e9v\u00e9n.<\/li><li>A hat\u00e9kony partners\u00e9gek n\u00f6velt\u00e9k a hat\u00f3k\u00f6rt \u00e9s a hat\u00e9konys\u00e1got.<\/li><\/ul>\t\t\t\t<\/div>\t\t\t\t<\/div>\n\t\t\t\t<\/div>\n\t\t\t\t\t<\/div>\n\t\t<\/div>\n\t\t\t\t\t<\/div>\n\t\t<\/section>\n\t\t\t\t<section class=\"elementor-section elementor-inner-section elementor-element elementor-element-33db045c elementor-section-boxed elementor-section-height-default elementor-section-height-default wpr-particle-no wpr-jarallax-no wpr-parallax-no wpr-sticky-section-no\" data-id=\"33db045c\" data-element_type=\"section\" data-e-type=\"section\">\n\t\t\t\t\t\t<div class=\"elementor-container elementor-column-gap-default\">\n\t\t\t\t\t<div class=\"elementor-column elementor-col-50 elementor-inner-column elementor-element elementor-element-21f5e77e\" data-id=\"21f5e77e\" data-element_type=\"column\" data-e-type=\"column\" data-settings=\"{&quot;background_background&quot;:&quot;classic&quot;}\">\n\t\t\t<div class=\"elementor-widget-wrap elementor-element-populated\">\n\t\t\t\t\t\t<div class=\"elementor-element elementor-element-66c766f2 elementor-widget elementor-widget-text-editor\" data-id=\"66c766f2\" data-element_type=\"widget\" data-e-type=\"widget\" data-widget_type=\"text-editor.default\">\n\t\t\t\t<div class=\"elementor-widget-container\">\n\t\t\t\t\t<div class=\"bb-theme-elementor-wrap bb-elementor-custom-color bb-elementor-custom-family bb-elementor-custom-size bb-elementor-custom-line-height\">\t\t\t\t<p>HAT\u00c1S<\/p>\t\t\t\t<\/div>\t\t\t\t<\/div>\n\t\t\t\t<\/div>\n\t\t\t\t\t<\/div>\n\t\t<\/div>\n\t\t\t\t<div class=\"elementor-column elementor-col-50 elementor-inner-column elementor-element elementor-element-68d0af3d\" data-id=\"68d0af3d\" data-element_type=\"column\" data-e-type=\"column\" data-settings=\"{&quot;background_background&quot;:&quot;classic&quot;}\">\n\t\t\t<div class=\"elementor-widget-wrap elementor-element-populated\">\n\t\t\t\t\t\t<div class=\"elementor-element elementor-element-12416dbc elementor-widget elementor-widget-text-editor\" data-id=\"12416dbc\" data-element_type=\"widget\" data-e-type=\"widget\" data-widget_type=\"text-editor.default\">\n\t\t\t\t<div class=\"elementor-widget-container\">\n\t\t\t\t\t<div class=\"bb-theme-elementor-wrap bb-elementor-custom-family\">\t\t\t\t<p>A HipHop4Hope m\u00e9lyrehat\u00f3 hat\u00e1ssal volt a fiatalok \u00f6n\u00e1ll\u00f3s\u00e1g\u00e1nak \u00e9s a k\u00f6z\u00f6ss\u00e9g\u00e9p\u00edt\u00e9snek, jav\u00edtva a r\u00e9sztvev\u0151k k\u00e9szs\u00e9geit, \u00f6nbizalm\u00e1t \u00e9s j\u00f3l\u00e9t\u00e9t. El\u0151seg\u00edtette a tartoz\u00e1s \u00e9rz\u00e9s\u00e9t, \u00e9s biztons\u00e1gos teret biztos\u00edtott a fiataloknak, hogy kifejezhess\u00e9k magukat \u00e9s kapcsolatba l\u00e9pjenek m\u00e1sokkal.<\/p>\t\t\t\t<\/div>\t\t\t\t<\/div>\n\t\t\t\t<\/div>\n\t\t\t\t\t<\/div>\n\t\t<\/div>\n\t\t\t\t\t<\/div>\n\t\t<\/section>\n\t\t\t\t\t<\/div>\n\t\t<\/div>\n\t\t\t\t\t<\/div>\n\t\t<\/section>\n\t\t\t\t<\/div>","protected":false},"excerpt":{"rendered":"<p>Back to the Good Practices HipHop4Hope GENERAL INFORMATION HipHop4Hope is a non-profit organization that uses Hip Hop culture to empower and uplift youth living in&hellip;<\/p>","protected":false},"author":140,"featured_media":0,"parent":0,"menu_order":0,"comment_status":"closed","ping_status":"closed","template":"","meta":{"_uag_custom_page_level_css":"","footnotes":""},"class_list":["post-4539","page","type-page","status-publish","hentry"],"uagb_featured_image_src":{"full":false,"thumbnail":false,"medium":false,"medium_large":false,"large":false,"1536x1536":false,"2048x2048":false,"trp-custom-language-flag":false,"post-thumbnail":false},"uagb_author_info":{"display_name":"L\u00e1szl\u00f3 Viniczai","author_link":"https:\/\/youthmatchpoint.eu\/hu\/author\/viniczailaszlo\/"},"uagb_comment_info":0,"uagb_excerpt":"Back to the Good Practices HipHop4Hope GENERAL INFORMATION HipHop4Hope is a non-profit organization that uses Hip Hop culture to empower and uplift youth living in&hellip;","_links":{"self":[{"href":"https:\/\/youthmatchpoint.eu\/hu\/wp-json\/wp\/v2\/pages\/4539","targetHints":{"allow":["GET"]}}],"collection":[{"href":"https:\/\/youthmatchpoint.eu\/hu\/wp-json\/wp\/v2\/pages"}],"about":[{"href":"https:\/\/youthmatchpoint.eu\/hu\/wp-json\/wp\/v2\/types\/page"}],"author":[{"embeddable":true,"href":"https:\/\/youthmatchpoint.eu\/hu\/wp-json\/wp\/v2\/users\/140"}],"replies":[{"embeddable":true,"href":"https:\/\/youthmatchpoint.eu\/hu\/wp-json\/wp\/v2\/comments?post=4539"}],"version-history":[{"count":13,"href":"https:\/\/youthmatchpoint.eu\/hu\/wp-json\/wp\/v2\/pages\/4539\/revisions"}],"predecessor-version":[{"id":4559,"href":"https:\/\/youthmatchpoint.eu\/hu\/wp-json\/wp\/v2\/pages\/4539\/revisions\/4559"}],"wp:attachment":[{"href":"https:\/\/youthmatchpoint.eu\/hu\/wp-json\/wp\/v2\/media?parent=4539"}],"curies":[{"name":"wp","href":"https:\/\/api.w.org\/{rel}","templated":true}]}}