{"id":4803,"date":"2025-10-17T07:19:11","date_gmt":"2025-10-17T07:19:11","guid":{"rendered":"https:\/\/youthmatchpoint.eu\/?page_id=4803"},"modified":"2025-10-17T07:27:49","modified_gmt":"2025-10-17T07:27:49","slug":"unica-radio","status":"publish","type":"page","link":"https:\/\/youthmatchpoint.eu\/hu\/unica-radio\/","title":{"rendered":"Unica R\u00e1di\u00f3"},"content":{"rendered":"<div data-elementor-type=\"wp-page\" data-elementor-id=\"4803\" class=\"elementor elementor-4803\" data-elementor-post-type=\"page\">\n\t\t\t\t<div class=\"elementor-element elementor-element-4856289a e-flex e-con-boxed wpr-particle-no wpr-jarallax-no wpr-parallax-no wpr-sticky-section-no e-con e-parent\" data-id=\"4856289a\" data-element_type=\"container\" data-e-type=\"container\">\n\t\t\t\t\t<div class=\"e-con-inner\">\n\t\t\t\t<div class=\"elementor-element elementor-element-119d112c elementor-mobile-align-center elementor-widget elementor-widget-button\" data-id=\"119d112c\" data-element_type=\"widget\" data-e-type=\"widget\" data-widget_type=\"button.default\">\n\t\t\t\t<div class=\"elementor-widget-container\">\n\t\t\t\t\t\t\t\t\t<div class=\"elementor-button-wrapper\">\n\t\t\t\t\t<a class=\"elementor-button elementor-button-link elementor-size-sm elementor-animation-pop\" href=\"\/hu\/good-practices\/\">\n\t\t\t\t\t\t<span class=\"elementor-button-content-wrapper\">\n\t\t\t\t\t\t\t\t\t<span class=\"elementor-button-text\">Back to the Good Practices<\/span>\n\t\t\t\t\t<\/span>\n\t\t\t\t\t<\/a>\n\t\t\t\t<\/div>\n\t\t\t\t\t\t\t\t<\/div>\n\t\t\t\t<\/div>\n\t\t\t\t\t<\/div>\n\t\t\t\t<\/div>\n\t\t\t\t<section class=\"elementor-section elementor-top-section elementor-element elementor-element-32a210e6 elementor-section-stretched elementor-section-boxed elementor-section-height-default elementor-section-height-default wpr-particle-no wpr-jarallax-no wpr-parallax-no wpr-sticky-section-no\" data-id=\"32a210e6\" data-element_type=\"section\" data-e-type=\"section\" data-settings=\"{&quot;stretch_section&quot;:&quot;section-stretched&quot;,&quot;background_background&quot;:&quot;classic&quot;}\">\n\t\t\t\t\t\t<div class=\"elementor-container elementor-column-gap-default\">\n\t\t\t\t\t<div class=\"elementor-column elementor-col-100 elementor-top-column elementor-element elementor-element-236c386e\" data-id=\"236c386e\" data-element_type=\"column\" data-e-type=\"column\">\n\t\t\t<div class=\"elementor-widget-wrap elementor-element-populated\">\n\t\t\t\t\t\t<div class=\"elementor-element elementor-element-51d72b09 elementor-widget elementor-widget-heading\" data-id=\"51d72b09\" data-element_type=\"widget\" data-e-type=\"widget\" data-widget_type=\"heading.default\">\n\t\t\t\t<div class=\"elementor-widget-container\">\n\t\t\t\t\t<h2 class=\"elementor-heading-title elementor-size-default\">Unica R\u00e1di\u00f3<\/h2>\t\t\t\t<\/div>\n\t\t\t\t<\/div>\n\t\t\t\t<section class=\"elementor-section elementor-inner-section elementor-element elementor-element-1690e7ff elementor-section-boxed elementor-section-height-default elementor-section-height-default wpr-particle-no wpr-jarallax-no wpr-parallax-no wpr-sticky-section-no\" data-id=\"1690e7ff\" data-element_type=\"section\" data-e-type=\"section\">\n\t\t\t\t\t\t<div class=\"elementor-container elementor-column-gap-default\">\n\t\t\t\t\t<div class=\"elementor-column elementor-col-50 elementor-inner-column elementor-element elementor-element-67624a61\" data-id=\"67624a61\" data-element_type=\"column\" data-e-type=\"column\" data-settings=\"{&quot;background_background&quot;:&quot;classic&quot;}\">\n\t\t\t<div class=\"elementor-widget-wrap elementor-element-populated\">\n\t\t\t\t\t\t<div class=\"elementor-element elementor-element-3b51434a elementor-widget elementor-widget-text-editor\" data-id=\"3b51434a\" data-element_type=\"widget\" data-e-type=\"widget\" data-widget_type=\"text-editor.default\">\n\t\t\t\t<div class=\"elementor-widget-container\">\n\t\t\t\t\t<div class=\"bb-theme-elementor-wrap bb-elementor-custom-color bb-elementor-custom-family bb-elementor-custom-size bb-elementor-custom-line-height\">\t\t\t\t<p>\u00c1LTAL\u00c1NOS INFORM\u00c1CI\u00d3K<\/p>\t\t\t\t<\/div>\t\t\t\t<\/div>\n\t\t\t\t<\/div>\n\t\t\t\t\t<\/div>\n\t\t<\/div>\n\t\t\t\t<div class=\"elementor-column elementor-col-50 elementor-inner-column elementor-element elementor-element-2eff0362\" data-id=\"2eff0362\" data-element_type=\"column\" data-e-type=\"column\" data-settings=\"{&quot;background_background&quot;:&quot;classic&quot;}\">\n\t\t\t<div class=\"elementor-widget-wrap elementor-element-populated\">\n\t\t\t\t\t\t<div class=\"elementor-element elementor-element-8f7654d elementor-widget elementor-widget-text-editor\" data-id=\"8f7654d\" data-element_type=\"widget\" data-e-type=\"widget\" data-widget_type=\"text-editor.default\">\n\t\t\t\t<div class=\"elementor-widget-container\">\n\t\t\t\t\t<div class=\"bb-theme-elementor-wrap bb-elementor-custom-family\">\t\t\t\t<p>Helysz\u00edn: Cagliari, Olaszorsz\u00e1g<br \/>Email: <a href=\"mailto:redazione@unicaradio.it\">redazione@unicaradio.it<\/a><br \/>Web: <a href=\"https:\/\/www.unicaradio.it\/blog\/category\/podcast\/\">https:\/\/www.unicaradio.it\/blog\/category\/podcast\/ <\/a><\/p>\t\t\t\t<\/div>\t\t\t\t<\/div>\n\t\t\t\t<\/div>\n\t\t\t\t\t<\/div>\n\t\t<\/div>\n\t\t\t\t\t<\/div>\n\t\t<\/section>\n\t\t\t\t<section class=\"elementor-section elementor-inner-section elementor-element elementor-element-5c158592 elementor-section-boxed elementor-section-height-default elementor-section-height-default wpr-particle-no wpr-jarallax-no wpr-parallax-no wpr-sticky-section-no\" data-id=\"5c158592\" data-element_type=\"section\" data-e-type=\"section\">\n\t\t\t\t\t\t<div class=\"elementor-container elementor-column-gap-default\">\n\t\t\t\t\t<div class=\"elementor-column elementor-col-50 elementor-inner-column elementor-element elementor-element-3b9e4fe7\" data-id=\"3b9e4fe7\" data-element_type=\"column\" data-e-type=\"column\" data-settings=\"{&quot;background_background&quot;:&quot;classic&quot;}\">\n\t\t\t<div class=\"elementor-widget-wrap elementor-element-populated\">\n\t\t\t\t\t\t<div class=\"elementor-element elementor-element-36fd4928 elementor-widget elementor-widget-text-editor\" data-id=\"36fd4928\" data-element_type=\"widget\" data-e-type=\"widget\" data-widget_type=\"text-editor.default\">\n\t\t\t\t<div class=\"elementor-widget-container\">\n\t\t\t\t\t<div class=\"bb-theme-elementor-wrap bb-elementor-custom-color bb-elementor-custom-family bb-elementor-custom-size bb-elementor-custom-line-height\">\t\t\t\t<p>HASZNOS LINKEK<\/p>\t\t\t\t<\/div>\t\t\t\t<\/div>\n\t\t\t\t<\/div>\n\t\t\t\t\t<\/div>\n\t\t<\/div>\n\t\t\t\t<div class=\"elementor-column elementor-col-50 elementor-inner-column elementor-element elementor-element-3465be50\" data-id=\"3465be50\" data-element_type=\"column\" data-e-type=\"column\" data-settings=\"{&quot;background_background&quot;:&quot;classic&quot;}\">\n\t\t\t<div class=\"elementor-widget-wrap elementor-element-populated\">\n\t\t\t\t\t\t<div class=\"elementor-element elementor-element-515247ea elementor-widget elementor-widget-text-editor\" data-id=\"515247ea\" data-element_type=\"widget\" data-e-type=\"widget\" data-widget_type=\"text-editor.default\">\n\t\t\t\t<div class=\"elementor-widget-container\">\n\t\t\t\t\t<div class=\"bb-theme-elementor-wrap bb-elementor-custom-family\">\t\t\t\t<p><a href=\"https:\/\/www.facebook.com\/UnicaRadio.it\/\">https:\/\/www.facebook.com\/UnicaRadio.it\/<\/a> <a href=\"https:\/\/www.instagram.com\/unica_radio\/\">https:\/\/www.instagram.com\/unica_radio\/ <\/a><\/p>\t\t\t\t<\/div>\t\t\t\t<\/div>\n\t\t\t\t<\/div>\n\t\t\t\t\t<\/div>\n\t\t<\/div>\n\t\t\t\t\t<\/div>\n\t\t<\/section>\n\t\t\t\t<section class=\"elementor-section elementor-inner-section elementor-element elementor-element-35e30fd3 elementor-section-boxed elementor-section-height-default elementor-section-height-default wpr-particle-no wpr-jarallax-no wpr-parallax-no wpr-sticky-section-no\" data-id=\"35e30fd3\" data-element_type=\"section\" data-e-type=\"section\">\n\t\t\t\t\t\t<div class=\"elementor-container elementor-column-gap-default\">\n\t\t\t\t\t<div class=\"elementor-column elementor-col-50 elementor-inner-column elementor-element elementor-element-42b13d32\" data-id=\"42b13d32\" data-element_type=\"column\" data-e-type=\"column\" data-settings=\"{&quot;background_background&quot;:&quot;classic&quot;}\">\n\t\t\t<div class=\"elementor-widget-wrap elementor-element-populated\">\n\t\t\t\t\t\t<div class=\"elementor-element elementor-element-62ed47c8 elementor-widget elementor-widget-text-editor\" data-id=\"62ed47c8\" data-element_type=\"widget\" data-e-type=\"widget\" data-widget_type=\"text-editor.default\">\n\t\t\t\t<div class=\"elementor-widget-container\">\n\t\t\t\t\t<div class=\"bb-theme-elementor-wrap bb-elementor-custom-color bb-elementor-custom-family bb-elementor-custom-size bb-elementor-custom-line-height\">\t\t\t\t<p>\u00d6SSZEFOGLAL\u00d3<\/p>\t\t\t\t<\/div>\t\t\t\t<\/div>\n\t\t\t\t<\/div>\n\t\t\t\t\t<\/div>\n\t\t<\/div>\n\t\t\t\t<div class=\"elementor-column elementor-col-50 elementor-inner-column elementor-element elementor-element-f9a1248\" data-id=\"f9a1248\" data-element_type=\"column\" data-e-type=\"column\" data-settings=\"{&quot;background_background&quot;:&quot;classic&quot;}\">\n\t\t\t<div class=\"elementor-widget-wrap elementor-element-populated\">\n\t\t\t\t\t\t<div class=\"elementor-element elementor-element-68a61b14 elementor-widget elementor-widget-text-editor\" data-id=\"68a61b14\" data-element_type=\"widget\" data-e-type=\"widget\" data-widget_type=\"text-editor.default\">\n\t\t\t\t<div class=\"elementor-widget-container\">\n\t\t\t\t\t<div class=\"bb-theme-elementor-wrap bb-elementor-custom-family\">\t\t\t\t<p>Az Unicaradio a Cagliari Egyetem hallgat\u00f3i internetes r\u00e1di\u00f3ja, amely szorosan egy\u00fcttm\u0171k\u00f6dik a kommunik\u00e1ci\u00f3tudom\u00e1nyi szakkal. Az Unicaradio 2018 december\u00e9ben j\u00f6tt l\u00e9tre azzal a c\u00e9llal, hogy platformot biztos\u00edtson a hallgat\u00f3knak a m\u0171sorszolg\u00e1ltat\u00e1s \u00e9s az \u00fajs\u00e1g\u00edr\u00e1s ter\u00fclet\u00e9n, gyakorlati tapasztalatot k\u00edn\u00e1lva \u00e9s el\u0151seg\u00edtve a kapcsolatot az egyetemi k\u00f6z\u00f6ss\u00e9ggel. Az \u00e1llom\u00e1s 2020-ban elnyerte az \u00e9v legjobb olasz egyetemi m\u0171sorszolg\u00e1ltat\u00f3ja c\u00edmet, \u00e9s olyan platformokon is el\u00e9rhet\u0151, mint a Spotify. Az Unicaradio els\u0151sorban egyetemi hallgat\u00f3kat c\u00e9loz meg, k\u00fcl\u00f6n\u00f6sen azokat, akik kommunik\u00e1ci\u00f3tudom\u00e1nyt \u00e9s kapcsol\u00f3d\u00f3 ter\u00fcleteket tanulnak. A sz\u00e9lesebb k\u00f6z\u00f6ns\u00e9gbe tartoznak az egyetemi dolgoz\u00f3k, a helyi k\u00f6z\u00f6ss\u00e9g tagjai \u00e9s b\u00e1rki, aki \u00e9rdekl\u0151dik az egyetemmel kapcsolatos h\u00edrek \u00e9s esem\u00e9nyek ir\u00e1nt.<\/p>\t\t\t\t<\/div>\t\t\t\t<\/div>\n\t\t\t\t<\/div>\n\t\t\t\t\t<\/div>\n\t\t<\/div>\n\t\t\t\t\t<\/div>\n\t\t<\/section>\n\t\t\t\t<section class=\"elementor-section elementor-inner-section elementor-element elementor-element-28902fe elementor-section-boxed elementor-section-height-default elementor-section-height-default wpr-particle-no wpr-jarallax-no wpr-parallax-no wpr-sticky-section-no\" data-id=\"28902fe\" data-element_type=\"section\" data-e-type=\"section\">\n\t\t\t\t\t\t<div class=\"elementor-container elementor-column-gap-default\">\n\t\t\t\t\t<div class=\"elementor-column elementor-col-50 elementor-inner-column elementor-element elementor-element-5b2d224c\" data-id=\"5b2d224c\" data-element_type=\"column\" data-e-type=\"column\" data-settings=\"{&quot;background_background&quot;:&quot;classic&quot;}\">\n\t\t\t<div class=\"elementor-widget-wrap elementor-element-populated\">\n\t\t\t\t\t\t<div class=\"elementor-element elementor-element-30000b6d elementor-widget elementor-widget-text-editor\" data-id=\"30000b6d\" data-element_type=\"widget\" data-e-type=\"widget\" data-widget_type=\"text-editor.default\">\n\t\t\t\t<div class=\"elementor-widget-container\">\n\t\t\t\t\t<div class=\"bb-theme-elementor-wrap bb-elementor-custom-color bb-elementor-custom-family bb-elementor-custom-size bb-elementor-custom-line-height\">\t\t\t\t<p>C\u00c9LKIT\u0170Z\u00c9SEK<\/p>\t\t\t\t<\/div>\t\t\t\t<\/div>\n\t\t\t\t<\/div>\n\t\t\t\t\t<\/div>\n\t\t<\/div>\n\t\t\t\t<div class=\"elementor-column elementor-col-50 elementor-inner-column elementor-element elementor-element-78b1c8e4\" data-id=\"78b1c8e4\" data-element_type=\"column\" data-e-type=\"column\" data-settings=\"{&quot;background_background&quot;:&quot;classic&quot;}\">\n\t\t\t<div class=\"elementor-widget-wrap elementor-element-populated\">\n\t\t\t\t\t\t<div class=\"elementor-element elementor-element-21c53a56 elementor-widget elementor-widget-text-editor\" data-id=\"21c53a56\" data-element_type=\"widget\" data-e-type=\"widget\" data-widget_type=\"text-editor.default\">\n\t\t\t\t<div class=\"elementor-widget-container\">\n\t\t\t\t\t<div class=\"bb-theme-elementor-wrap bb-elementor-custom-family\">\t\t\t\t<p>Az Unicaradio els\u0151dleges c\u00e9ljai a k\u00f6vetkez\u0151k:<\/p><ul><li>Gyakorlati tapasztalatok ny\u00fajt\u00e1sa a hallgat\u00f3knak a m\u0171sorszolg\u00e1ltat\u00e1s \u00e9s az \u00fajs\u00e1g\u00edr\u00e1s ter\u00fclet\u00e9n.<br \/><br \/><\/li><li>Kommunik\u00e1ci\u00f3s h\u00eddk\u00e9nt szolg\u00e1l az egyetemen \u00e9s a t\u00e1gabb k\u00f6z\u00f6ss\u00e9gben.<br \/><br \/><\/li><li>Egyetemi rendezv\u00e9nyek, tudom\u00e1nyos kutat\u00e1sok \u00e9s kultur\u00e1lis kezdem\u00e9nyez\u00e9sek n\u00e9pszer\u0171s\u00edt\u00e9se.<\/li><\/ul>\t\t\t\t<\/div>\t\t\t\t<\/div>\n\t\t\t\t<\/div>\n\t\t\t\t\t<\/div>\n\t\t<\/div>\n\t\t\t\t\t<\/div>\n\t\t<\/section>\n\t\t\t\t<section class=\"elementor-section elementor-inner-section elementor-element elementor-element-74dcf44c elementor-section-boxed elementor-section-height-default elementor-section-height-default wpr-particle-no wpr-jarallax-no wpr-parallax-no wpr-sticky-section-no\" data-id=\"74dcf44c\" data-element_type=\"section\" data-e-type=\"section\">\n\t\t\t\t\t\t<div class=\"elementor-container elementor-column-gap-default\">\n\t\t\t\t\t<div class=\"elementor-column elementor-col-50 elementor-inner-column elementor-element elementor-element-748a55e6\" data-id=\"748a55e6\" data-element_type=\"column\" data-e-type=\"column\" data-settings=\"{&quot;background_background&quot;:&quot;classic&quot;}\">\n\t\t\t<div class=\"elementor-widget-wrap elementor-element-populated\">\n\t\t\t\t\t\t<div class=\"elementor-element elementor-element-29643bc3 elementor-widget elementor-widget-text-editor\" data-id=\"29643bc3\" data-element_type=\"widget\" data-e-type=\"widget\" data-widget_type=\"text-editor.default\">\n\t\t\t\t<div class=\"elementor-widget-container\">\n\t\t\t\t\t<div class=\"bb-theme-elementor-wrap bb-elementor-custom-color bb-elementor-custom-family bb-elementor-custom-size bb-elementor-custom-line-height\">\t\t\t\t<p>MEGVAL\u00d3S\u00cdT\u00c1S: TEV\u00c9KENYS\u00c9GEK \u00c9S M\u00d3DSZEREK<\/p>\t\t\t\t<\/div>\t\t\t\t<\/div>\n\t\t\t\t<\/div>\n\t\t\t\t\t<\/div>\n\t\t<\/div>\n\t\t\t\t<div class=\"elementor-column elementor-col-50 elementor-inner-column elementor-element elementor-element-7771c052\" data-id=\"7771c052\" data-element_type=\"column\" data-e-type=\"column\" data-settings=\"{&quot;background_background&quot;:&quot;classic&quot;}\">\n\t\t\t<div class=\"elementor-widget-wrap elementor-element-populated\">\n\t\t\t\t\t\t<div class=\"elementor-element elementor-element-38215964 elementor-widget elementor-widget-text-editor\" data-id=\"38215964\" data-element_type=\"widget\" data-e-type=\"widget\" data-widget_type=\"text-editor.default\">\n\t\t\t\t<div class=\"elementor-widget-container\">\n\t\t\t\t\t<div class=\"bb-theme-elementor-wrap bb-elementor-custom-family\">\t\t\t\t<p>Az Unicaradio f\u0151bb tev\u00e9kenys\u00e9gei a k\u00f6vetkez\u0151k:<\/p><ul><li>\u00c9l\u0151 \u00e9s r\u00f6gz\u00edtett tartalmak sug\u00e1rz\u00e1sa, bele\u00e9rtve h\u00edreket, zen\u00e9t \u00e9s kultur\u00e1lis programokat.<br \/><br \/><\/li><li>Fontos egyetemi esem\u00e9nyek, p\u00e9ld\u00e1ul az Eur\u00f3pai Kutat\u00f3k \u00c9jszak\u00e1ja, az Ateneika sportfesztiv\u00e1l \u00e9s az Erasmus-projektek bemutat\u00e1sa.<br \/>K\u00e9pz\u00e9si \u00e9s szakmai gyakorlat lehet\u0151s\u00e9gek biztos\u00edt\u00e1sa \u00fajs\u00e1g\u00edr\u00e1s, kommunik\u00e1ci\u00f3 \u00e9s m\u00e9diatermel\u00e9s szakos hallgat\u00f3k sz\u00e1m\u00e1ra.<\/li><\/ul><p>Ezek a tev\u00e9kenys\u00e9gek nemcsak a hallgat\u00f3k oktat\u00e1si tapasztalatait gazdag\u00edtj\u00e1k, hanem el\u0151seg\u00edtik az egyetem \u00e9s a helyi k\u00f6z\u00f6ss\u00e9g k\u00f6z\u00f6tti integr\u00e1ci\u00f3t is, bemutatva az innov\u00e1ci\u00f3t \u00e9s a kultur\u00e1lis \u00e9l\u00e9nks\u00e9get. Az Unicaradio sz\u00e1mos innovat\u00edv m\u00f3dszert alkalmaz a hallgat\u00f3i k\u00f6z\u00f6ns\u00e9g bevon\u00e1s\u00e1ra. A hagyom\u00e1nyos r\u00e1di\u00f3s m\u0171sorszolg\u00e1ltat\u00e1st modern digit\u00e1lis platformokkal \u00f6tv\u00f6zi, bele\u00e9rtve egy erre a c\u00e9lra kifejlesztett alkalmaz\u00e1st \u00e9s k\u00f6z\u00f6ss\u00e9gi m\u00e9dia csatorn\u00e1kat. A projekt workshopok, interj\u00fak \u00e9s k\u00f6z\u00f6s tartalomk\u00e9sz\u00edt\u00e9s r\u00e9v\u00e9n \u00f6szt\u00f6nzi az akt\u00edv r\u00e9szv\u00e9telt, kihaszn\u00e1lva a podcastok \u00e9s vide\u00f3khoz hasonl\u00f3 multim\u00e9di\u00e1s tartalmakat.<\/p><p>A r\u00e9gi \u00e9s \u00faj m\u00e9diaform\u00e1tumok \u00f6tv\u00f6zete biztos\u00edtja a sz\u00e9les k\u00f6r\u0171 hozz\u00e1f\u00e9rhet\u0151s\u00e9get \u00e9s a fiatalok elk\u00f6telezetts\u00e9g\u00e9t. Az er\u0151forr\u00e1sok p\u00e9nz\u00fcgyi, emberi \u00e9s technikai szempontokat foglalnak magukban. <br \/><br \/>Az Unicaradio t\u00f6bb fontos partnerrel is egy\u00fcttm\u0171k\u00f6dik:<\/p><ul><li>Cagliari Egyetem: P\u00e9nz\u00fcgyi t\u00e1mogat\u00e1st \u00e9s infrastrukt\u00far\u00e1t biztos\u00edt.<br \/><br \/><\/li><li>Helyi v\u00e1llalkoz\u00e1sok: Rendezv\u00e9nyek szponzor\u00e1l\u00e1sa \u00e9s finansz\u00edroz\u00e1s biztos\u00edt\u00e1sa.<br \/><br \/><\/li><li>Kultur\u00e1lis int\u00e9zm\u00e9nyek: Partner k\u00fcl\u00f6nb\u00f6z\u0151 rendezv\u00e9nyek \u00e9s tartalmi egy\u00fcttm\u0171k\u00f6d\u00e9sek ter\u00e9n.<br \/><br \/><\/li><li>\u00d6nk\u00e9ntesek \u00e9s di\u00e1kok: A napi m\u0171k\u00f6d\u00e9s \u00e9s a tartalomk\u00e9sz\u00edt\u00e9s ir\u00e1ny\u00edt\u00e1sa.<\/li><\/ul>\t\t\t\t<\/div>\t\t\t\t<\/div>\n\t\t\t\t<\/div>\n\t\t\t\t\t<\/div>\n\t\t<\/div>\n\t\t\t\t\t<\/div>\n\t\t<\/section>\n\t\t\t\t<section class=\"elementor-section elementor-inner-section elementor-element elementor-element-1cfbc373 elementor-section-boxed elementor-section-height-default elementor-section-height-default wpr-particle-no wpr-jarallax-no wpr-parallax-no wpr-sticky-section-no\" data-id=\"1cfbc373\" data-element_type=\"section\" data-e-type=\"section\" data-settings=\"{&quot;background_background&quot;:&quot;classic&quot;}\">\n\t\t\t\t\t\t<div class=\"elementor-container elementor-column-gap-default\">\n\t\t\t\t\t<div class=\"elementor-column elementor-col-50 elementor-inner-column elementor-element elementor-element-507fc06b\" data-id=\"507fc06b\" data-element_type=\"column\" data-e-type=\"column\" data-settings=\"{&quot;background_background&quot;:&quot;classic&quot;}\">\n\t\t\t<div class=\"elementor-widget-wrap elementor-element-populated\">\n\t\t\t\t\t\t<div class=\"elementor-element elementor-element-308269af elementor-widget elementor-widget-text-editor\" data-id=\"308269af\" data-element_type=\"widget\" data-e-type=\"widget\" data-widget_type=\"text-editor.default\">\n\t\t\t\t<div class=\"elementor-widget-container\">\n\t\t\t\t\t<div class=\"bb-theme-elementor-wrap bb-elementor-custom-color bb-elementor-custom-family bb-elementor-custom-size bb-elementor-custom-line-height\">\t\t\t\t<p>A PROJEKT EREDM\u00c9NYEI \u00c9S A TANULS\u00c1GOK<\/p>\t\t\t\t<\/div>\t\t\t\t<\/div>\n\t\t\t\t<\/div>\n\t\t\t\t\t<\/div>\n\t\t<\/div>\n\t\t\t\t<div class=\"elementor-column elementor-col-50 elementor-inner-column elementor-element elementor-element-7e3e92fd\" data-id=\"7e3e92fd\" data-element_type=\"column\" data-e-type=\"column\" data-settings=\"{&quot;background_background&quot;:&quot;classic&quot;}\">\n\t\t\t<div class=\"elementor-widget-wrap elementor-element-populated\">\n\t\t\t\t\t\t<div class=\"elementor-element elementor-element-42a098ea elementor-widget elementor-widget-text-editor\" data-id=\"42a098ea\" data-element_type=\"widget\" data-e-type=\"widget\" data-widget_type=\"text-editor.default\">\n\t\t\t\t<div class=\"elementor-widget-container\">\n\t\t\t\t\t<div class=\"bb-theme-elementor-wrap bb-elementor-custom-family\">\t\t\t\t<p>Az Unicaradio-ban val\u00f3 r\u00e9szv\u00e9telnek k\u00f6sz\u00f6nhet\u0151en sok fiatal szerzett ismereteket a m\u0171sorszolg\u00e1ltat\u00e1s, az \u00fajs\u00e1g\u00edr\u00e1s \u00e9s a digit\u00e1lis m\u00e9dia ter\u00fclet\u00e9n. Lehet\u0151s\u00e9g\u00fck volt egy\u00fcttm\u0171k\u00f6dni \u00e9s szocializ\u00e1l\u00f3dni a fiatalokkal, valamint r\u00e9szt venni egy egym\u00e1st\u00f3l tanul\u00f3 k\u00f6rnyezetben.<br \/><br \/>Az Unicaradio projektb\u0151l levont legfontosabb tanuls\u00e1gok a k\u00f6vetkez\u0151k:<\/p><ul><li>Az interakt\u00edv \u00e9s multim\u00e9di\u00e1s megk\u00f6zel\u00edt\u00e9sek j\u00f3l m\u0171k\u00f6dnek a fiatalok bevon\u00e1s\u00e1ban.<br \/><br \/><\/li><li>A k\u00f6z\u00f6ns\u00e9g \u00e9rdekl\u0151d\u00e9s\u00e9nek fenntart\u00e1s\u00e1hoz rendszeres friss\u00edt\u00e9sekre \u00e9s \u00faj form\u00e1tumokra van sz\u00fcks\u00e9g.<br \/><br \/><\/li><li>Az er\u0151s partners\u00e9gek n\u00f6velik a projekt hat\u00f3k\u00f6r\u00e9t \u00e9s hat\u00e1s\u00e1t.<\/li><\/ul>\t\t\t\t<\/div>\t\t\t\t<\/div>\n\t\t\t\t<\/div>\n\t\t\t\t\t<\/div>\n\t\t<\/div>\n\t\t\t\t\t<\/div>\n\t\t<\/section>\n\t\t\t\t<section class=\"elementor-section elementor-inner-section elementor-element elementor-element-a079c96 elementor-section-boxed elementor-section-height-default elementor-section-height-default wpr-particle-no wpr-jarallax-no wpr-parallax-no wpr-sticky-section-no\" data-id=\"a079c96\" data-element_type=\"section\" data-e-type=\"section\">\n\t\t\t\t\t\t<div class=\"elementor-container elementor-column-gap-default\">\n\t\t\t\t\t<div class=\"elementor-column elementor-col-50 elementor-inner-column elementor-element elementor-element-39b2c4b2\" data-id=\"39b2c4b2\" data-element_type=\"column\" data-e-type=\"column\" data-settings=\"{&quot;background_background&quot;:&quot;classic&quot;}\">\n\t\t\t<div class=\"elementor-widget-wrap elementor-element-populated\">\n\t\t\t\t\t\t<div class=\"elementor-element elementor-element-6be07aa elementor-widget elementor-widget-text-editor\" data-id=\"6be07aa\" data-element_type=\"widget\" data-e-type=\"widget\" data-widget_type=\"text-editor.default\">\n\t\t\t\t<div class=\"elementor-widget-container\">\n\t\t\t\t\t<div class=\"bb-theme-elementor-wrap bb-elementor-custom-color bb-elementor-custom-family bb-elementor-custom-size bb-elementor-custom-line-height\">\t\t\t\t<p>HAT\u00c1S<\/p>\t\t\t\t<\/div>\t\t\t\t<\/div>\n\t\t\t\t<\/div>\n\t\t\t\t\t<\/div>\n\t\t<\/div>\n\t\t\t\t<div class=\"elementor-column elementor-col-50 elementor-inner-column elementor-element elementor-element-1a270d6\" data-id=\"1a270d6\" data-element_type=\"column\" data-e-type=\"column\" data-settings=\"{&quot;background_background&quot;:&quot;classic&quot;}\">\n\t\t\t<div class=\"elementor-widget-wrap elementor-element-populated\">\n\t\t\t\t\t\t<div class=\"elementor-element elementor-element-d87e0cc elementor-widget elementor-widget-text-editor\" data-id=\"d87e0cc\" data-element_type=\"widget\" data-e-type=\"widget\" data-widget_type=\"text-editor.default\">\n\t\t\t\t<div class=\"elementor-widget-container\">\n\t\t\t\t\t<div class=\"bb-theme-elementor-wrap bb-elementor-custom-family\">\t\t\t\t<p>Az Unicaradio a k\u00f6vetkez\u0151k\u00e9ppen gyakorol pozit\u00edv hat\u00e1st a helyi k\u00f6z\u00f6ss\u00e9gre:<\/p><ul><li>Lehet\u0151s\u00e9get biztos\u00edtani a fiataloknak, hogy kifejezz\u00e9k v\u00e9lem\u00e9ny\u00fcket \u00e9s megossz\u00e1k kreativit\u00e1sukat.<br \/><br \/><\/li><li>A helyi esem\u00e9nyek \u00e9s kultur\u00e1lis tev\u00e9kenys\u00e9gek n\u00e9pszer\u0171s\u00edt\u00e9se.<br \/><br \/><\/li><li>A soksz\u00edn\u0171 r\u00e9sztvev\u0151i k\u00f6rnek k\u00f6sz\u00f6nhet\u0151en el\u0151seg\u00edti a k\u00f6z\u00f6ss\u00e9gi \u00e9rz\u00e9s kialakul\u00e1s\u00e1t a cagliar\u00f3i fiatalok k\u00f6r\u00e9ben. A fiatalok az Unicaradio k\u00f6z\u00e9ppontj\u00e1ban \u00e1llnak. Hozz\u00e1j\u00e1rul\u00e1suk a k\u00f6vetkez\u0151 form\u00e1kban val\u00f3sul meg: r\u00e1di\u00f3m\u0171sorok, podcastok \u00e9s k\u00f6z\u00f6ss\u00e9gi m\u00e9dia tartalmak k\u00e9sz\u00edt\u00e9se; workshopok \u00e9s kultur\u00e1lis esem\u00e9nyek tervez\u00e9se \u00e9s lebonyol\u00edt\u00e1sa; hallgat\u00f3kkal \u00e9s r\u00e9sztvev\u0151kkel val\u00f3 interakci\u00f3, dinamikus \u00e9s befogad\u00f3 k\u00f6rnyezet kialak\u00edt\u00e1sa.<\/li><\/ul>\t\t\t\t<\/div>\t\t\t\t<\/div>\n\t\t\t\t<\/div>\n\t\t\t\t\t<\/div>\n\t\t<\/div>\n\t\t\t\t\t<\/div>\n\t\t<\/section>\n\t\t\t\t\t<\/div>\n\t\t<\/div>\n\t\t\t\t\t<\/div>\n\t\t<\/section>\n\t\t\t\t<\/div>","protected":false},"excerpt":{"rendered":"<p>Back to the Good Practices Unica Radio GENERAL INFORMATION Location: Cagliar, ItalyEmail: redazione@unicaradio.itWeb: https:\/\/www.unicaradio.it\/blog\/category\/podcast\/ USEFUL LINKS https:\/\/www.facebook.com\/UnicaRadio.it\/ https:\/\/www.instagram.com\/unica_radio\/ SUMMARY Unicaradio is the student web radio&hellip;<\/p>","protected":false},"author":140,"featured_media":0,"parent":0,"menu_order":0,"comment_status":"closed","ping_status":"closed","template":"","meta":{"_uag_custom_page_level_css":"","footnotes":""},"class_list":["post-4803","page","type-page","status-publish","hentry"],"uagb_featured_image_src":{"full":false,"thumbnail":false,"medium":false,"medium_large":false,"large":false,"1536x1536":false,"2048x2048":false,"trp-custom-language-flag":false,"post-thumbnail":false},"uagb_author_info":{"display_name":"L\u00e1szl\u00f3 Viniczai","author_link":"https:\/\/youthmatchpoint.eu\/hu\/author\/viniczailaszlo\/"},"uagb_comment_info":0,"uagb_excerpt":"Back to the Good Practices Unica Radio GENERAL INFORMATION Location: Cagliar, ItalyEmail: redazione@unicaradio.itWeb: https:\/\/www.unicaradio.it\/blog\/category\/podcast\/ USEFUL LINKS https:\/\/www.facebook.com\/UnicaRadio.it\/ https:\/\/www.instagram.com\/unica_radio\/ SUMMARY Unicaradio is the student web radio&hellip;","_links":{"self":[{"href":"https:\/\/youthmatchpoint.eu\/hu\/wp-json\/wp\/v2\/pages\/4803","targetHints":{"allow":["GET"]}}],"collection":[{"href":"https:\/\/youthmatchpoint.eu\/hu\/wp-json\/wp\/v2\/pages"}],"about":[{"href":"https:\/\/youthmatchpoint.eu\/hu\/wp-json\/wp\/v2\/types\/page"}],"author":[{"embeddable":true,"href":"https:\/\/youthmatchpoint.eu\/hu\/wp-json\/wp\/v2\/users\/140"}],"replies":[{"embeddable":true,"href":"https:\/\/youthmatchpoint.eu\/hu\/wp-json\/wp\/v2\/comments?post=4803"}],"version-history":[{"count":28,"href":"https:\/\/youthmatchpoint.eu\/hu\/wp-json\/wp\/v2\/pages\/4803\/revisions"}],"predecessor-version":[{"id":4832,"href":"https:\/\/youthmatchpoint.eu\/hu\/wp-json\/wp\/v2\/pages\/4803\/revisions\/4832"}],"wp:attachment":[{"href":"https:\/\/youthmatchpoint.eu\/hu\/wp-json\/wp\/v2\/media?parent=4803"}],"curies":[{"name":"wp","href":"https:\/\/api.w.org\/{rel}","templated":true}]}}