{"id":5788,"date":"2026-01-16T13:47:10","date_gmt":"2026-01-16T13:47:10","guid":{"rendered":"https:\/\/youthmatchpoint.eu\/?page_id=5788"},"modified":"2026-01-16T13:53:26","modified_gmt":"2026-01-16T13:53:26","slug":"giffoni-film-festival","status":"publish","type":"page","link":"https:\/\/youthmatchpoint.eu\/hu\/giffoni-film-festival\/","title":{"rendered":"Giffoni Filmfesztiv\u00e1l"},"content":{"rendered":"<div data-elementor-type=\"wp-page\" data-elementor-id=\"5788\" class=\"elementor elementor-5788\" data-elementor-post-type=\"page\">\n\t\t\t\t<div class=\"elementor-element elementor-element-b6f7c4c e-flex e-con-boxed wpr-particle-no wpr-jarallax-no wpr-parallax-no wpr-sticky-section-no e-con e-parent\" data-id=\"b6f7c4c\" data-element_type=\"container\" data-e-type=\"container\">\n\t\t\t\t\t<div class=\"e-con-inner\">\n\t\t\t\t<div class=\"elementor-element elementor-element-8b427c1 elementor-mobile-align-center elementor-widget elementor-widget-button\" data-id=\"8b427c1\" data-element_type=\"widget\" data-e-type=\"widget\" data-widget_type=\"button.default\">\n\t\t\t\t<div class=\"elementor-widget-container\">\n\t\t\t\t\t\t\t\t\t<div class=\"elementor-button-wrapper\">\n\t\t\t\t\t<a class=\"elementor-button elementor-button-link elementor-size-sm elementor-animation-pop\" href=\"\/hu\/good-practices\/\">\n\t\t\t\t\t\t<span class=\"elementor-button-content-wrapper\">\n\t\t\t\t\t\t\t\t\t<span class=\"elementor-button-text\">Back to the Good Practices<\/span>\n\t\t\t\t\t<\/span>\n\t\t\t\t\t<\/a>\n\t\t\t\t<\/div>\n\t\t\t\t\t\t\t\t<\/div>\n\t\t\t\t<\/div>\n\t\t\t\t\t<\/div>\n\t\t\t\t<\/div>\n\t\t\t\t<section class=\"elementor-section elementor-top-section elementor-element elementor-element-def1224 elementor-section-stretched elementor-section-boxed elementor-section-height-default elementor-section-height-default wpr-particle-no wpr-jarallax-no wpr-parallax-no wpr-sticky-section-no\" data-id=\"def1224\" data-element_type=\"section\" data-e-type=\"section\" data-settings=\"{&quot;stretch_section&quot;:&quot;section-stretched&quot;,&quot;background_background&quot;:&quot;classic&quot;}\">\n\t\t\t\t\t\t<div class=\"elementor-container elementor-column-gap-default\">\n\t\t\t\t\t<div class=\"elementor-column elementor-col-100 elementor-top-column elementor-element elementor-element-839ca45\" data-id=\"839ca45\" data-element_type=\"column\" data-e-type=\"column\">\n\t\t\t<div class=\"elementor-widget-wrap elementor-element-populated\">\n\t\t\t\t\t\t<div class=\"elementor-element elementor-element-f5d36f5 elementor-widget elementor-widget-heading\" data-id=\"f5d36f5\" data-element_type=\"widget\" data-e-type=\"widget\" data-widget_type=\"heading.default\">\n\t\t\t\t<div class=\"elementor-widget-container\">\n\t\t\t\t\t<h2 class=\"elementor-heading-title elementor-size-default\">Giffoni Filmfesztiv\u00e1l<\/h2>\t\t\t\t<\/div>\n\t\t\t\t<\/div>\n\t\t\t\t<section class=\"elementor-section elementor-inner-section elementor-element elementor-element-a7037ba elementor-section-boxed elementor-section-height-default elementor-section-height-default wpr-particle-no wpr-jarallax-no wpr-parallax-no wpr-sticky-section-no\" data-id=\"a7037ba\" data-element_type=\"section\" data-e-type=\"section\">\n\t\t\t\t\t\t<div class=\"elementor-container elementor-column-gap-default\">\n\t\t\t\t\t<div class=\"elementor-column elementor-col-50 elementor-inner-column elementor-element elementor-element-470b722\" data-id=\"470b722\" data-element_type=\"column\" data-e-type=\"column\" data-settings=\"{&quot;background_background&quot;:&quot;classic&quot;}\">\n\t\t\t<div class=\"elementor-widget-wrap elementor-element-populated\">\n\t\t\t\t\t\t<div class=\"elementor-element elementor-element-80eb74c elementor-widget elementor-widget-text-editor\" data-id=\"80eb74c\" data-element_type=\"widget\" data-e-type=\"widget\" data-widget_type=\"text-editor.default\">\n\t\t\t\t<div class=\"elementor-widget-container\">\n\t\t\t\t\t<div class=\"bb-theme-elementor-wrap bb-elementor-custom-color bb-elementor-custom-family bb-elementor-custom-size bb-elementor-custom-line-height\">\t\t\t\t<p>\u00c1LTAL\u00c1NOS INFORM\u00c1CI\u00d3K<\/p>\t\t\t\t<\/div>\t\t\t\t<\/div>\n\t\t\t\t<\/div>\n\t\t\t\t\t<\/div>\n\t\t<\/div>\n\t\t\t\t<div class=\"elementor-column elementor-col-50 elementor-inner-column elementor-element elementor-element-3b9507f\" data-id=\"3b9507f\" data-element_type=\"column\" data-e-type=\"column\" data-settings=\"{&quot;background_background&quot;:&quot;classic&quot;}\">\n\t\t\t<div class=\"elementor-widget-wrap elementor-element-populated\">\n\t\t\t\t\t\t<div class=\"elementor-element elementor-element-548643d elementor-widget elementor-widget-text-editor\" data-id=\"548643d\" data-element_type=\"widget\" data-e-type=\"widget\" data-widget_type=\"text-editor.default\">\n\t\t\t\t<div class=\"elementor-widget-container\">\n\t\t\t\t\t<div class=\"bb-theme-elementor-wrap bb-elementor-custom-family\">\t\t\t\t<p>Helysz\u00edn: Giffoni Valle Piana (Salerno), Olaszorsz\u00e1g<br \/>R\u00e9szt vev\u0151 szervezetek: Ente Autonomo Giffoni Experience (nonprofit egyes\u00fclet)<br \/>Email: info@giffoniff.it<br \/>Web: <a href=\"https:\/\/giffoni.it\/filmfestival\/\">https:\/\/giffoni.it\/filmfestival\/<\/a><\/p>\t\t\t\t<\/div>\t\t\t\t<\/div>\n\t\t\t\t<\/div>\n\t\t\t\t\t<\/div>\n\t\t<\/div>\n\t\t\t\t\t<\/div>\n\t\t<\/section>\n\t\t\t\t<section class=\"elementor-section elementor-inner-section elementor-element elementor-element-35b91ab elementor-section-boxed elementor-section-height-default elementor-section-height-default wpr-particle-no wpr-jarallax-no wpr-parallax-no wpr-sticky-section-no\" data-id=\"35b91ab\" data-element_type=\"section\" data-e-type=\"section\">\n\t\t\t\t\t\t<div class=\"elementor-container elementor-column-gap-default\">\n\t\t\t\t\t<div class=\"elementor-column elementor-col-50 elementor-inner-column elementor-element elementor-element-157f70e\" data-id=\"157f70e\" data-element_type=\"column\" data-e-type=\"column\" data-settings=\"{&quot;background_background&quot;:&quot;classic&quot;}\">\n\t\t\t<div class=\"elementor-widget-wrap elementor-element-populated\">\n\t\t\t\t\t\t<div class=\"elementor-element elementor-element-4a456ad elementor-widget elementor-widget-text-editor\" data-id=\"4a456ad\" data-element_type=\"widget\" data-e-type=\"widget\" data-widget_type=\"text-editor.default\">\n\t\t\t\t<div class=\"elementor-widget-container\">\n\t\t\t\t\t<div class=\"bb-theme-elementor-wrap bb-elementor-custom-color bb-elementor-custom-family bb-elementor-custom-size bb-elementor-custom-line-height\">\t\t\t\t<p>HASZNOS LINKEK<\/p>\t\t\t\t<\/div>\t\t\t\t<\/div>\n\t\t\t\t<\/div>\n\t\t\t\t\t<\/div>\n\t\t<\/div>\n\t\t\t\t<div class=\"elementor-column elementor-col-50 elementor-inner-column elementor-element elementor-element-95f9fd9\" data-id=\"95f9fd9\" data-element_type=\"column\" data-e-type=\"column\" data-settings=\"{&quot;background_background&quot;:&quot;classic&quot;}\">\n\t\t\t<div class=\"elementor-widget-wrap elementor-element-populated\">\n\t\t\t\t\t\t<div class=\"elementor-element elementor-element-4fca312 elementor-widget elementor-widget-text-editor\" data-id=\"4fca312\" data-element_type=\"widget\" data-e-type=\"widget\" data-widget_type=\"text-editor.default\">\n\t\t\t\t<div class=\"elementor-widget-container\">\n\t\t\t\t\t<div class=\"bb-theme-elementor-wrap bb-elementor-custom-family\">\t\t\t\t<p><a href=\"https:\/\/www.instagram.com\/giffoni_experience\/\">https:\/\/www.instagram.com\/giffoni_experience\/<\/a><\/p><p><a href=\"https:\/\/www.facebook.com\/GiffoniExperience\/\">https:\/\/www.facebook.com\/GiffoniExperience\/<\/a><\/p>\t\t\t\t<\/div>\t\t\t\t<\/div>\n\t\t\t\t<\/div>\n\t\t\t\t\t<\/div>\n\t\t<\/div>\n\t\t\t\t\t<\/div>\n\t\t<\/section>\n\t\t\t\t<section class=\"elementor-section elementor-inner-section elementor-element elementor-element-20e149f elementor-section-boxed elementor-section-height-default elementor-section-height-default wpr-particle-no wpr-jarallax-no wpr-parallax-no wpr-sticky-section-no\" data-id=\"20e149f\" data-element_type=\"section\" data-e-type=\"section\">\n\t\t\t\t\t\t<div class=\"elementor-container elementor-column-gap-default\">\n\t\t\t\t\t<div class=\"elementor-column elementor-col-50 elementor-inner-column elementor-element elementor-element-a62d959\" data-id=\"a62d959\" data-element_type=\"column\" data-e-type=\"column\" data-settings=\"{&quot;background_background&quot;:&quot;classic&quot;}\">\n\t\t\t<div class=\"elementor-widget-wrap elementor-element-populated\">\n\t\t\t\t\t\t<div class=\"elementor-element elementor-element-0e53551 elementor-widget elementor-widget-text-editor\" data-id=\"0e53551\" data-element_type=\"widget\" data-e-type=\"widget\" data-widget_type=\"text-editor.default\">\n\t\t\t\t<div class=\"elementor-widget-container\">\n\t\t\t\t\t<div class=\"bb-theme-elementor-wrap bb-elementor-custom-color bb-elementor-custom-family bb-elementor-custom-size bb-elementor-custom-line-height\">\t\t\t\t<p>\u00d6SSZEFOGLAL\u00d3<\/p>\t\t\t\t<\/div>\t\t\t\t<\/div>\n\t\t\t\t<\/div>\n\t\t\t\t\t<\/div>\n\t\t<\/div>\n\t\t\t\t<div class=\"elementor-column elementor-col-50 elementor-inner-column elementor-element elementor-element-2acac10\" data-id=\"2acac10\" data-element_type=\"column\" data-e-type=\"column\" data-settings=\"{&quot;background_background&quot;:&quot;classic&quot;}\">\n\t\t\t<div class=\"elementor-widget-wrap elementor-element-populated\">\n\t\t\t\t\t\t<div class=\"elementor-element elementor-element-98e3157 elementor-widget elementor-widget-text-editor\" data-id=\"98e3157\" data-element_type=\"widget\" data-e-type=\"widget\" data-widget_type=\"text-editor.default\">\n\t\t\t\t<div class=\"elementor-widget-container\">\n\t\t\t\t\t<div class=\"bb-theme-elementor-wrap bb-elementor-custom-family\">\t\t\t\t<p>A Giffoni Filmfesztiv\u00e1l egy neves nemzetk\u00f6zi rendezv\u00e9ny, amely a gyermekek \u00e9s fiatalok sz\u00e1m\u00e1ra k\u00e9sz\u00fclt filmeknek szentelt. Ez nem csup\u00e1n egy fesztiv\u00e1l, hanem egy eg\u00e9sz \u00e9ven \u00e1t m\u0171k\u00f6d\u0151 kultur\u00e1lis \u00fcgyn\u00f6ks\u00e9g, amely a filmet az oktat\u00e1s, a t\u00e1rsadalmi integr\u00e1ci\u00f3 \u00e9s a kreat\u00edv \u00f6nkifejez\u00e9s eszk\u00f6zek\u00e9nt haszn\u00e1lja. T\u00f6bb ezer fiatal \u201ezs\u0171ritagot\u201d hoz \u00f6ssze t\u00f6bb mint 50 orsz\u00e1gb\u00f3l, hogy megn\u00e9zz\u00e9k, megvitass\u00e1k \u00e9s \u00e9rt\u00e9kelj\u00e9k a nemzetk\u00f6zi filmeket, ezzel egyed\u00fcl\u00e1ll\u00f3 teret teremtve a gener\u00e1ci\u00f3k k\u00f6z\u00f6tti \u00e9s interkultur\u00e1lis p\u00e1rbesz\u00e9dnek.<\/p>\t\t\t\t<\/div>\t\t\t\t<\/div>\n\t\t\t\t<\/div>\n\t\t\t\t\t<\/div>\n\t\t<\/div>\n\t\t\t\t\t<\/div>\n\t\t<\/section>\n\t\t\t\t<section class=\"elementor-section elementor-inner-section elementor-element elementor-element-e6413aa elementor-section-boxed elementor-section-height-default elementor-section-height-default wpr-particle-no wpr-jarallax-no wpr-parallax-no wpr-sticky-section-no\" data-id=\"e6413aa\" data-element_type=\"section\" data-e-type=\"section\">\n\t\t\t\t\t\t<div class=\"elementor-container elementor-column-gap-default\">\n\t\t\t\t\t<div class=\"elementor-column elementor-col-50 elementor-inner-column elementor-element elementor-element-f94afd0\" data-id=\"f94afd0\" data-element_type=\"column\" data-e-type=\"column\" data-settings=\"{&quot;background_background&quot;:&quot;classic&quot;}\">\n\t\t\t<div class=\"elementor-widget-wrap elementor-element-populated\">\n\t\t\t\t\t\t<div class=\"elementor-element elementor-element-7f02cac elementor-widget elementor-widget-text-editor\" data-id=\"7f02cac\" data-element_type=\"widget\" data-e-type=\"widget\" data-widget_type=\"text-editor.default\">\n\t\t\t\t<div class=\"elementor-widget-container\">\n\t\t\t\t\t<div class=\"bb-theme-elementor-wrap bb-elementor-custom-color bb-elementor-custom-family bb-elementor-custom-size bb-elementor-custom-line-height\">\t\t\t\t<p>C\u00c9LKIT\u0170Z\u00c9SEK<\/p>\t\t\t\t<\/div>\t\t\t\t<\/div>\n\t\t\t\t<\/div>\n\t\t\t\t\t<\/div>\n\t\t<\/div>\n\t\t\t\t<div class=\"elementor-column elementor-col-50 elementor-inner-column elementor-element elementor-element-6293ffc\" data-id=\"6293ffc\" data-element_type=\"column\" data-e-type=\"column\" data-settings=\"{&quot;background_background&quot;:&quot;classic&quot;}\">\n\t\t\t<div class=\"elementor-widget-wrap elementor-element-populated\">\n\t\t\t\t\t\t<div class=\"elementor-element elementor-element-ced17ba elementor-widget elementor-widget-text-editor\" data-id=\"ced17ba\" data-element_type=\"widget\" data-e-type=\"widget\" data-widget_type=\"text-editor.default\">\n\t\t\t\t<div class=\"elementor-widget-container\">\n\t\t\t\t\t<div class=\"bb-theme-elementor-wrap bb-elementor-custom-family\">\t\t\t\t<ol><li>A fiatalokat a d\u00f6nt\u00e9shozatali folyamat k\u00f6z\u00e9ppontj\u00e1ba \u00e1ll\u00edtani (esk\u00fcdtk\u00e9nt) \u00e9s hangot adni nekik a filmiparban.<\/li><li>A komplex t\u00e1rsadalmi, k\u00f6rnyezeti \u00e9s \u00e9rzelmi t\u00e9m\u00e1kat feldolgoz\u00f3, magas sz\u00ednvonal\u00fa filmek n\u00e9pszer\u0171s\u00edt\u00e9se.<\/li><li>A kritikus gondolkod\u00e1s \u00e9s a m\u00e9diatudatoss\u00e1g fejleszt\u00e9se a fiatalabb gener\u00e1ci\u00f3k k\u00f6r\u00e9ben.<\/li><li>Egy vid\u00e9ki ter\u00fclet (Giffoni Valle Piana) \u00e1talak\u00edt\u00e1sa a digit\u00e1lis m\u0171v\u00e9szetek \u00e9s kult\u00fara glob\u00e1lis innov\u00e1ci\u00f3s k\u00f6zpontj\u00e1v\u00e1.<\/li><\/ol>\t\t\t\t<\/div>\t\t\t\t<\/div>\n\t\t\t\t<\/div>\n\t\t\t\t\t<\/div>\n\t\t<\/div>\n\t\t\t\t\t<\/div>\n\t\t<\/section>\n\t\t\t\t<section class=\"elementor-section elementor-inner-section elementor-element elementor-element-34c8293 elementor-section-boxed elementor-section-height-default elementor-section-height-default wpr-particle-no wpr-jarallax-no wpr-parallax-no wpr-sticky-section-no\" data-id=\"34c8293\" data-element_type=\"section\" data-e-type=\"section\">\n\t\t\t\t\t\t<div class=\"elementor-container elementor-column-gap-default\">\n\t\t\t\t\t<div class=\"elementor-column elementor-col-50 elementor-inner-column elementor-element elementor-element-fdf7340\" data-id=\"fdf7340\" data-element_type=\"column\" data-e-type=\"column\" data-settings=\"{&quot;background_background&quot;:&quot;classic&quot;}\">\n\t\t\t<div class=\"elementor-widget-wrap elementor-element-populated\">\n\t\t\t\t\t\t<div class=\"elementor-element elementor-element-ed57584 elementor-widget elementor-widget-text-editor\" data-id=\"ed57584\" data-element_type=\"widget\" data-e-type=\"widget\" data-widget_type=\"text-editor.default\">\n\t\t\t\t<div class=\"elementor-widget-container\">\n\t\t\t\t\t<div class=\"bb-theme-elementor-wrap bb-elementor-custom-color bb-elementor-custom-family bb-elementor-custom-size bb-elementor-custom-line-height\">\t\t\t\t<p>KONTEXTUS \u00c9S H\u00c1TT\u00c9R<\/p>\t\t\t\t<\/div>\t\t\t\t<\/div>\n\t\t\t\t<\/div>\n\t\t\t\t\t<\/div>\n\t\t<\/div>\n\t\t\t\t<div class=\"elementor-column elementor-col-50 elementor-inner-column elementor-element elementor-element-28f43e7\" data-id=\"28f43e7\" data-element_type=\"column\" data-e-type=\"column\" data-settings=\"{&quot;background_background&quot;:&quot;classic&quot;}\">\n\t\t\t<div class=\"elementor-widget-wrap elementor-element-populated\">\n\t\t\t\t\t\t<div class=\"elementor-element elementor-element-4f4908d elementor-widget elementor-widget-text-editor\" data-id=\"4f4908d\" data-element_type=\"widget\" data-e-type=\"widget\" data-widget_type=\"text-editor.default\">\n\t\t\t\t<div class=\"elementor-widget-container\">\n\t\t\t\t\t<div class=\"bb-theme-elementor-wrap bb-elementor-custom-family\">\t\t\t\t<p>A projektet 1971-ben Claudio Gubitosi alap\u00edtotta azzal a \u201emer\u00e9sz \u00f6tlettel\u201d, hogy a gyermekmozit egy margin\u00e1lis niche-b\u0151l egy magas sz\u00ednvonal\u00fa m\u0171fajj\u00e1 emelje. A projekt helysz\u00edne egy kis vid\u00e9ki v\u00e1ros Olaszorsz\u00e1g Campania r\u00e9gi\u00f3j\u00e1ban. T\u00f6bb mint 50 \u00e9v alatt a Giffoni Multimedia Valley-v\u00e9 fejl\u0151d\u00f6tt, egy hatalmas infrastruktur\u00e1lis projektt\u00e9, amely a produkci\u00f3, a k\u00e9pz\u00e9s \u00e9s az innov\u00e1ci\u00f3 jegy\u00e9ben m\u0171k\u00f6dik, bizony\u00edtva, hogy a kult\u00fara el\u0151seg\u00edtheti egy r\u00e9gi\u00f3 gazdas\u00e1gi \u00fajj\u00e1sz\u00fclet\u00e9s\u00e9t.<\/p>\t\t\t\t<\/div>\t\t\t\t<\/div>\n\t\t\t\t<\/div>\n\t\t\t\t\t<\/div>\n\t\t<\/div>\n\t\t\t\t\t<\/div>\n\t\t<\/section>\n\t\t\t\t<section class=\"elementor-section elementor-inner-section elementor-element elementor-element-3e18dad elementor-section-boxed elementor-section-height-default elementor-section-height-default wpr-particle-no wpr-jarallax-no wpr-parallax-no wpr-sticky-section-no\" data-id=\"3e18dad\" data-element_type=\"section\" data-e-type=\"section\">\n\t\t\t\t\t\t<div class=\"elementor-container elementor-column-gap-default\">\n\t\t\t\t\t<div class=\"elementor-column elementor-col-50 elementor-inner-column elementor-element elementor-element-3bb45e9\" data-id=\"3bb45e9\" data-element_type=\"column\" data-e-type=\"column\" data-settings=\"{&quot;background_background&quot;:&quot;classic&quot;}\">\n\t\t\t<div class=\"elementor-widget-wrap elementor-element-populated\">\n\t\t\t\t\t\t<div class=\"elementor-element elementor-element-6031d0c elementor-widget elementor-widget-text-editor\" data-id=\"6031d0c\" data-element_type=\"widget\" data-e-type=\"widget\" data-widget_type=\"text-editor.default\">\n\t\t\t\t<div class=\"elementor-widget-container\">\n\t\t\t\t\t<div class=\"bb-theme-elementor-wrap bb-elementor-custom-color bb-elementor-custom-family bb-elementor-custom-size bb-elementor-custom-line-height\">\t\t\t\t<p>MEGVAL\u00d3S\u00cdT\u00c1S: TEV\u00c9KENYS\u00c9GEK \u00c9S M\u00d3DSZEREK<\/p>\t\t\t\t<\/div>\t\t\t\t<\/div>\n\t\t\t\t<\/div>\n\t\t\t\t\t<\/div>\n\t\t<\/div>\n\t\t\t\t<div class=\"elementor-column elementor-col-50 elementor-inner-column elementor-element elementor-element-202a5af\" data-id=\"202a5af\" data-element_type=\"column\" data-e-type=\"column\" data-settings=\"{&quot;background_background&quot;:&quot;classic&quot;}\">\n\t\t\t<div class=\"elementor-widget-wrap elementor-element-populated\">\n\t\t\t\t\t\t<div class=\"elementor-element elementor-element-5236402 elementor-widget elementor-widget-text-editor\" data-id=\"5236402\" data-element_type=\"widget\" data-e-type=\"widget\" data-widget_type=\"text-editor.default\">\n\t\t\t\t<div class=\"elementor-widget-container\">\n\t\t\t\t\t<div class=\"bb-theme-elementor-wrap bb-elementor-custom-family\">\t\t\t\t<p>A zs\u0171ri rendszer: Az alapvet\u0151 m\u00f3dszertan. A zs\u0171riket korcsoportok szerint osztj\u00e1k fel (pl. Elements +3, +6, +10 \u00e9s Generator +13, +16, +18). A zs\u0171ritagok nem passz\u00edv n\u00e9z\u0151k, hanem vit\u00e1kat folytatnak a rendez\u0151kkel \u00e9s a sz\u00edn\u00e9szekkel.<br \/>A 18 \u00e9v feletti fiataloknak szentelt t\u00e9r, ahol politikai, tudom\u00e1nyos \u00e9s m\u0171v\u00e9szeti szem\u00e9lyis\u00e9gekkel tal\u00e1lkozhatnak, \u00e9s glob\u00e1lis kih\u00edv\u00e1sokr\u00f3l (jog\u00e1llamis\u00e1g, k\u00f6rnyezet, digit\u00e1lis jogok) vitathatnak. M\u0171helymunka a \u201eMultimedia Valley\u201d-ben VR-r\u0151l, anim\u00e1ci\u00f3r\u00f3l \u00e9s digit\u00e1lis t\u00f6rt\u00e9netmes\u00e9l\u00e9sr\u0151l.<br \/>Nemzetk\u00f6zi k\u00f6zpontok: A \u201eGiffoni-form\u00e1tum\u201d export\u00e1l\u00e1sa m\u00e1s orsz\u00e1gokba (Alb\u00e1nia, Braz\u00edlia, Maced\u00f3nia) a \u201eGiffoners\u201d glob\u00e1lis h\u00e1l\u00f3zat\u00e1nak l\u00e9trehoz\u00e1sa \u00e9rdek\u00e9ben.<\/p>\t\t\t\t<\/div>\t\t\t\t<\/div>\n\t\t\t\t<\/div>\n\t\t\t\t\t<\/div>\n\t\t<\/div>\n\t\t\t\t\t<\/div>\n\t\t<\/section>\n\t\t\t\t<section class=\"elementor-section elementor-inner-section elementor-element elementor-element-10d68ac elementor-section-boxed elementor-section-height-default elementor-section-height-default wpr-particle-no wpr-jarallax-no wpr-parallax-no wpr-sticky-section-no\" data-id=\"10d68ac\" data-element_type=\"section\" data-e-type=\"section\" data-settings=\"{&quot;background_background&quot;:&quot;classic&quot;}\">\n\t\t\t\t\t\t<div class=\"elementor-container elementor-column-gap-default\">\n\t\t\t\t\t<div class=\"elementor-column elementor-col-50 elementor-inner-column elementor-element elementor-element-1d551cb\" data-id=\"1d551cb\" data-element_type=\"column\" data-e-type=\"column\" data-settings=\"{&quot;background_background&quot;:&quot;classic&quot;}\">\n\t\t\t<div class=\"elementor-widget-wrap elementor-element-populated\">\n\t\t\t\t\t\t<div class=\"elementor-element elementor-element-0744421 elementor-widget elementor-widget-text-editor\" data-id=\"0744421\" data-element_type=\"widget\" data-e-type=\"widget\" data-widget_type=\"text-editor.default\">\n\t\t\t\t<div class=\"elementor-widget-container\">\n\t\t\t\t\t<div class=\"bb-theme-elementor-wrap bb-elementor-custom-color bb-elementor-custom-family bb-elementor-custom-size bb-elementor-custom-line-height\">\t\t\t\t<p>A PROJEKT EREDM\u00c9NYEI \u00c9S A TANULS\u00c1GOK<\/p>\t\t\t\t<\/div>\t\t\t\t<\/div>\n\t\t\t\t<\/div>\n\t\t\t\t\t<\/div>\n\t\t<\/div>\n\t\t\t\t<div class=\"elementor-column elementor-col-50 elementor-inner-column elementor-element elementor-element-5892168\" data-id=\"5892168\" data-element_type=\"column\" data-e-type=\"column\" data-settings=\"{&quot;background_background&quot;:&quot;classic&quot;}\">\n\t\t\t<div class=\"elementor-widget-wrap elementor-element-populated\">\n\t\t\t\t\t\t<div class=\"elementor-element elementor-element-f4f6b55 elementor-widget elementor-widget-text-editor\" data-id=\"f4f6b55\" data-element_type=\"widget\" data-e-type=\"widget\" data-widget_type=\"text-editor.default\">\n\t\t\t\t<div class=\"elementor-widget-container\">\n\t\t\t\t\t<div class=\"bb-theme-elementor-wrap bb-elementor-custom-family\">\t\t\t\t<p>A f\u0151 eredm\u00e9ny egy \u00e1lland\u00f3 \u201ekultur\u00e1lis k\u00f6zpont\u201d l\u00e9trehoz\u00e1sa, amely eg\u00e9sz \u00e9vben t\u00f6bb mint 90 szakembert foglalkoztat, \u00e9s \u00e9vente t\u00f6bb mint 100 000 l\u00e1togat\u00f3t vonz.<\/p><p>Tanuls\u00e1gok:<\/p><ul><li>A fiatalok hatalmas felel\u0151ss\u00e9g\u00e9rzettel reag\u00e1lnak, ha \u201eval\u00f3di\u201d szerepet kapnak (p\u00e9ld\u00e1ul professzion\u00e1lis filmek \u00e9rt\u00e9kel\u00e9se).<\/li><li>A finansz\u00edroz\u00e1s diverzifik\u00e1l\u00e1sa (az uni\u00f3s forr\u00e1sok, a region\u00e1lis t\u00e1mogat\u00e1sok \u00e9s a mag\u00e1nszponzorok kombin\u00e1l\u00e1sa) elengedhetetlen a hossz\u00fa t\u00e1v\u00fa stabilit\u00e1shoz.<\/li><li>A m\u00e1rka legnagyobb er\u0151ss\u00e9ge, hogy meg\u0151rizte kisv\u00e1rosi gy\u00f6kereit, mik\u00f6zben glob\u00e1lis szeml\u00e9letm\u00f3dj\u00e1t is meg\u0151rizte.<\/li><\/ul>\t\t\t\t<\/div>\t\t\t\t<\/div>\n\t\t\t\t<\/div>\n\t\t\t\t\t<\/div>\n\t\t<\/div>\n\t\t\t\t\t<\/div>\n\t\t<\/section>\n\t\t\t\t<section class=\"elementor-section elementor-inner-section elementor-element elementor-element-19af9f6 elementor-section-boxed elementor-section-height-default elementor-section-height-default wpr-particle-no wpr-jarallax-no wpr-parallax-no wpr-sticky-section-no\" data-id=\"19af9f6\" data-element_type=\"section\" data-e-type=\"section\">\n\t\t\t\t\t\t<div class=\"elementor-container elementor-column-gap-default\">\n\t\t\t\t\t<div class=\"elementor-column elementor-col-50 elementor-inner-column elementor-element elementor-element-f4166e3\" data-id=\"f4166e3\" data-element_type=\"column\" data-e-type=\"column\" data-settings=\"{&quot;background_background&quot;:&quot;classic&quot;}\">\n\t\t\t<div class=\"elementor-widget-wrap elementor-element-populated\">\n\t\t\t\t\t\t<div class=\"elementor-element elementor-element-c224fc5 elementor-widget elementor-widget-text-editor\" data-id=\"c224fc5\" data-element_type=\"widget\" data-e-type=\"widget\" data-widget_type=\"text-editor.default\">\n\t\t\t\t<div class=\"elementor-widget-container\">\n\t\t\t\t\t<div class=\"bb-theme-elementor-wrap bb-elementor-custom-color bb-elementor-custom-family bb-elementor-custom-size bb-elementor-custom-line-height\">\t\t\t\t<p>HAT\u00c1S<\/p>\t\t\t\t<\/div>\t\t\t\t<\/div>\n\t\t\t\t<\/div>\n\t\t\t\t\t<\/div>\n\t\t<\/div>\n\t\t\t\t<div class=\"elementor-column elementor-col-50 elementor-inner-column elementor-element elementor-element-7de80e9\" data-id=\"7de80e9\" data-element_type=\"column\" data-e-type=\"column\" data-settings=\"{&quot;background_background&quot;:&quot;classic&quot;}\">\n\t\t\t<div class=\"elementor-widget-wrap elementor-element-populated\">\n\t\t\t\t\t\t<div class=\"elementor-element elementor-element-e01e1cb elementor-widget elementor-widget-text-editor\" data-id=\"e01e1cb\" data-element_type=\"widget\" data-e-type=\"widget\" data-widget_type=\"text-editor.default\">\n\t\t\t\t<div class=\"elementor-widget-container\">\n\t\t\t\t\t<div class=\"bb-theme-elementor-wrap bb-elementor-custom-family\">\t\t\t\t<p>A d\u00e9li-olaszorsz\u00e1gi fiatalok \u201ekultur\u00e1lis szakad\u00e9k\u00e1nak\u201d jelent\u0151s cs\u00f6kkent\u00e9se \u00e9s a nemzetk\u00f6zi szolidarit\u00e1s el\u0151mozd\u00edt\u00e1sa.<\/p><p>A vagyon \u00fajraeloszt\u00e1sa a helyi ter\u00fcleteken, a turizmus, a vend\u00e9gl\u00e1t\u00e1s \u00e9s a kreat\u00edv szektorban v\u00e9gzett speci\u00e1lis munk\u00e1k t\u00e1mogat\u00e1sa.<br \/>A glob\u00e1lis filmpiacra gyakorolt hat\u00e1s a \u201eGiffoni-min\u0151s\u00e9g\u0171\u201d filmek tan\u00fas\u00edt\u00e1s\u00e1val, ami gyakran seg\u00edt ezeknek a filmeknek nemzetk\u00f6zi forgalmaz\u00e1st biztos\u00edtani.<\/p>\t\t\t\t<\/div>\t\t\t\t<\/div>\n\t\t\t\t<\/div>\n\t\t\t\t\t<\/div>\n\t\t<\/div>\n\t\t\t\t\t<\/div>\n\t\t<\/section>\n\t\t\t\t\t<\/div>\n\t\t<\/div>\n\t\t\t\t\t<\/div>\n\t\t<\/section>\n\t\t\t\t<\/div>","protected":false},"excerpt":{"rendered":"<p>Back to the Good Practices Giffoni Film Festival GENERAL INFORMATION Location: Giffoni Valle Piana (Salerno), ItalyOrganization(s) Involved: Ente Autonomo Giffoni Experience (a non-profit association)Email: info@giffoniff.itWeb:&hellip;<\/p>","protected":false},"author":1,"featured_media":0,"parent":0,"menu_order":0,"comment_status":"closed","ping_status":"closed","template":"","meta":{"_uag_custom_page_level_css":"","footnotes":""},"class_list":["post-5788","page","type-page","status-publish","hentry"],"uagb_featured_image_src":{"full":false,"thumbnail":false,"medium":false,"medium_large":false,"large":false,"1536x1536":false,"2048x2048":false,"trp-custom-language-flag":false,"post-thumbnail":false},"uagb_author_info":{"display_name":"youthmatchpoint","author_link":"https:\/\/youthmatchpoint.eu\/hu\/author\/youthmatchpoint\/"},"uagb_comment_info":0,"uagb_excerpt":"Back to the Good Practices Giffoni Film Festival GENERAL INFORMATION Location: Giffoni Valle Piana (Salerno), ItalyOrganization(s) Involved: Ente Autonomo Giffoni Experience (a non-profit association)Email: info@giffoniff.itWeb:&hellip;","_links":{"self":[{"href":"https:\/\/youthmatchpoint.eu\/hu\/wp-json\/wp\/v2\/pages\/5788","targetHints":{"allow":["GET"]}}],"collection":[{"href":"https:\/\/youthmatchpoint.eu\/hu\/wp-json\/wp\/v2\/pages"}],"about":[{"href":"https:\/\/youthmatchpoint.eu\/hu\/wp-json\/wp\/v2\/types\/page"}],"author":[{"embeddable":true,"href":"https:\/\/youthmatchpoint.eu\/hu\/wp-json\/wp\/v2\/users\/1"}],"replies":[{"embeddable":true,"href":"https:\/\/youthmatchpoint.eu\/hu\/wp-json\/wp\/v2\/comments?post=5788"}],"version-history":[{"count":22,"href":"https:\/\/youthmatchpoint.eu\/hu\/wp-json\/wp\/v2\/pages\/5788\/revisions"}],"predecessor-version":[{"id":5812,"href":"https:\/\/youthmatchpoint.eu\/hu\/wp-json\/wp\/v2\/pages\/5788\/revisions\/5812"}],"wp:attachment":[{"href":"https:\/\/youthmatchpoint.eu\/hu\/wp-json\/wp\/v2\/media?parent=5788"}],"curies":[{"name":"wp","href":"https:\/\/api.w.org\/{rel}","templated":true}]}}