{"id":5788,"date":"2026-01-16T13:47:10","date_gmt":"2026-01-16T13:47:10","guid":{"rendered":"https:\/\/youthmatchpoint.eu\/?page_id=5788"},"modified":"2026-01-16T13:53:26","modified_gmt":"2026-01-16T13:53:26","slug":"giffoni-film-festival","status":"publish","type":"page","link":"https:\/\/youthmatchpoint.eu\/tr\/giffoni-film-festival\/","title":{"rendered":"Giffoni Film Festival"},"content":{"rendered":"<div data-elementor-type=\"wp-page\" data-elementor-id=\"5788\" class=\"elementor elementor-5788\" data-elementor-post-type=\"page\">\n\t\t\t\t<div class=\"elementor-element elementor-element-b6f7c4c e-flex e-con-boxed wpr-particle-no wpr-jarallax-no wpr-parallax-no wpr-sticky-section-no e-con e-parent\" data-id=\"b6f7c4c\" data-element_type=\"container\" data-e-type=\"container\">\n\t\t\t\t\t<div class=\"e-con-inner\">\n\t\t\t\t<div class=\"elementor-element elementor-element-8b427c1 elementor-mobile-align-center elementor-widget elementor-widget-button\" data-id=\"8b427c1\" data-element_type=\"widget\" data-e-type=\"widget\" data-widget_type=\"button.default\">\n\t\t\t\t<div class=\"elementor-widget-container\">\n\t\t\t\t\t\t\t\t\t<div class=\"elementor-button-wrapper\">\n\t\t\t\t\t<a class=\"elementor-button elementor-button-link elementor-size-sm elementor-animation-pop\" href=\"\/tr\/good-practices\/\">\n\t\t\t\t\t\t<span class=\"elementor-button-content-wrapper\">\n\t\t\t\t\t\t\t\t\t<span class=\"elementor-button-text\">Back to the Good Practices<\/span>\n\t\t\t\t\t<\/span>\n\t\t\t\t\t<\/a>\n\t\t\t\t<\/div>\n\t\t\t\t\t\t\t\t<\/div>\n\t\t\t\t<\/div>\n\t\t\t\t\t<\/div>\n\t\t\t\t<\/div>\n\t\t\t\t<section class=\"elementor-section elementor-top-section elementor-element elementor-element-def1224 elementor-section-stretched elementor-section-boxed elementor-section-height-default elementor-section-height-default wpr-particle-no wpr-jarallax-no wpr-parallax-no wpr-sticky-section-no\" data-id=\"def1224\" data-element_type=\"section\" data-e-type=\"section\" data-settings=\"{&quot;stretch_section&quot;:&quot;section-stretched&quot;,&quot;background_background&quot;:&quot;classic&quot;}\">\n\t\t\t\t\t\t<div class=\"elementor-container elementor-column-gap-default\">\n\t\t\t\t\t<div class=\"elementor-column elementor-col-100 elementor-top-column elementor-element elementor-element-839ca45\" data-id=\"839ca45\" data-element_type=\"column\" data-e-type=\"column\">\n\t\t\t<div class=\"elementor-widget-wrap elementor-element-populated\">\n\t\t\t\t\t\t<div class=\"elementor-element elementor-element-f5d36f5 elementor-widget elementor-widget-heading\" data-id=\"f5d36f5\" data-element_type=\"widget\" data-e-type=\"widget\" data-widget_type=\"heading.default\">\n\t\t\t\t<div class=\"elementor-widget-container\">\n\t\t\t\t\t<h2 class=\"elementor-heading-title elementor-size-default\">Giffoni Film Festival<\/h2>\t\t\t\t<\/div>\n\t\t\t\t<\/div>\n\t\t\t\t<section class=\"elementor-section elementor-inner-section elementor-element elementor-element-a7037ba elementor-section-boxed elementor-section-height-default elementor-section-height-default wpr-particle-no wpr-jarallax-no wpr-parallax-no wpr-sticky-section-no\" data-id=\"a7037ba\" data-element_type=\"section\" data-e-type=\"section\">\n\t\t\t\t\t\t<div class=\"elementor-container elementor-column-gap-default\">\n\t\t\t\t\t<div class=\"elementor-column elementor-col-50 elementor-inner-column elementor-element elementor-element-470b722\" data-id=\"470b722\" data-element_type=\"column\" data-e-type=\"column\" data-settings=\"{&quot;background_background&quot;:&quot;classic&quot;}\">\n\t\t\t<div class=\"elementor-widget-wrap elementor-element-populated\">\n\t\t\t\t\t\t<div class=\"elementor-element elementor-element-80eb74c elementor-widget elementor-widget-text-editor\" data-id=\"80eb74c\" data-element_type=\"widget\" data-e-type=\"widget\" data-widget_type=\"text-editor.default\">\n\t\t\t\t<div class=\"elementor-widget-container\">\n\t\t\t\t\t<div class=\"bb-theme-elementor-wrap bb-elementor-custom-color bb-elementor-custom-family bb-elementor-custom-size bb-elementor-custom-line-height\">\t\t\t\t<p>GENERAL INFORMATION<\/p>\t\t\t\t<\/div>\t\t\t\t<\/div>\n\t\t\t\t<\/div>\n\t\t\t\t\t<\/div>\n\t\t<\/div>\n\t\t\t\t<div class=\"elementor-column elementor-col-50 elementor-inner-column elementor-element elementor-element-3b9507f\" data-id=\"3b9507f\" data-element_type=\"column\" data-e-type=\"column\" data-settings=\"{&quot;background_background&quot;:&quot;classic&quot;}\">\n\t\t\t<div class=\"elementor-widget-wrap elementor-element-populated\">\n\t\t\t\t\t\t<div class=\"elementor-element elementor-element-548643d elementor-widget elementor-widget-text-editor\" data-id=\"548643d\" data-element_type=\"widget\" data-e-type=\"widget\" data-widget_type=\"text-editor.default\">\n\t\t\t\t<div class=\"elementor-widget-container\">\n\t\t\t\t\t<div class=\"bb-theme-elementor-wrap bb-elementor-custom-family\">\t\t\t\t<p>Yer: Giffoni Valle Piana (Salerno), \u0130talya<br \/>\u0130lgili kurulu\u015f(lar): Ente Autonomo Giffoni Experience (kar amac\u0131 g\u00fctmeyen bir dernek)<br \/>E-posta: info@giffoniff.it<br \/>Web: <a href=\"https:\/\/giffoni.it\/filmfestival\/\">https:\/\/giffoni.it\/filmfestival\/<\/a><\/p>\t\t\t\t<\/div>\t\t\t\t<\/div>\n\t\t\t\t<\/div>\n\t\t\t\t\t<\/div>\n\t\t<\/div>\n\t\t\t\t\t<\/div>\n\t\t<\/section>\n\t\t\t\t<section class=\"elementor-section elementor-inner-section elementor-element elementor-element-35b91ab elementor-section-boxed elementor-section-height-default elementor-section-height-default wpr-particle-no wpr-jarallax-no wpr-parallax-no wpr-sticky-section-no\" data-id=\"35b91ab\" data-element_type=\"section\" data-e-type=\"section\">\n\t\t\t\t\t\t<div class=\"elementor-container elementor-column-gap-default\">\n\t\t\t\t\t<div class=\"elementor-column elementor-col-50 elementor-inner-column elementor-element elementor-element-157f70e\" data-id=\"157f70e\" data-element_type=\"column\" data-e-type=\"column\" data-settings=\"{&quot;background_background&quot;:&quot;classic&quot;}\">\n\t\t\t<div class=\"elementor-widget-wrap elementor-element-populated\">\n\t\t\t\t\t\t<div class=\"elementor-element elementor-element-4a456ad elementor-widget elementor-widget-text-editor\" data-id=\"4a456ad\" data-element_type=\"widget\" data-e-type=\"widget\" data-widget_type=\"text-editor.default\">\n\t\t\t\t<div class=\"elementor-widget-container\">\n\t\t\t\t\t<div class=\"bb-theme-elementor-wrap bb-elementor-custom-color bb-elementor-custom-family bb-elementor-custom-size bb-elementor-custom-line-height\">\t\t\t\t<p>USEFUL LINKS<\/p>\t\t\t\t<\/div>\t\t\t\t<\/div>\n\t\t\t\t<\/div>\n\t\t\t\t\t<\/div>\n\t\t<\/div>\n\t\t\t\t<div class=\"elementor-column elementor-col-50 elementor-inner-column elementor-element elementor-element-95f9fd9\" data-id=\"95f9fd9\" data-element_type=\"column\" data-e-type=\"column\" data-settings=\"{&quot;background_background&quot;:&quot;classic&quot;}\">\n\t\t\t<div class=\"elementor-widget-wrap elementor-element-populated\">\n\t\t\t\t\t\t<div class=\"elementor-element elementor-element-4fca312 elementor-widget elementor-widget-text-editor\" data-id=\"4fca312\" data-element_type=\"widget\" data-e-type=\"widget\" data-widget_type=\"text-editor.default\">\n\t\t\t\t<div class=\"elementor-widget-container\">\n\t\t\t\t\t<div class=\"bb-theme-elementor-wrap bb-elementor-custom-family\">\t\t\t\t<p><a href=\"https:\/\/www.instagram.com\/giffoni_experience\/\">https:\/\/www.instagram.com\/giffoni_experience\/<\/a><\/p><p><a href=\"https:\/\/www.facebook.com\/GiffoniExperience\/\">https:\/\/www.facebook.com\/GiffoniExperience\/<\/a><\/p>\t\t\t\t<\/div>\t\t\t\t<\/div>\n\t\t\t\t<\/div>\n\t\t\t\t\t<\/div>\n\t\t<\/div>\n\t\t\t\t\t<\/div>\n\t\t<\/section>\n\t\t\t\t<section class=\"elementor-section elementor-inner-section elementor-element elementor-element-20e149f elementor-section-boxed elementor-section-height-default elementor-section-height-default wpr-particle-no wpr-jarallax-no wpr-parallax-no wpr-sticky-section-no\" data-id=\"20e149f\" data-element_type=\"section\" data-e-type=\"section\">\n\t\t\t\t\t\t<div class=\"elementor-container elementor-column-gap-default\">\n\t\t\t\t\t<div class=\"elementor-column elementor-col-50 elementor-inner-column elementor-element elementor-element-a62d959\" data-id=\"a62d959\" data-element_type=\"column\" data-e-type=\"column\" data-settings=\"{&quot;background_background&quot;:&quot;classic&quot;}\">\n\t\t\t<div class=\"elementor-widget-wrap elementor-element-populated\">\n\t\t\t\t\t\t<div class=\"elementor-element elementor-element-0e53551 elementor-widget elementor-widget-text-editor\" data-id=\"0e53551\" data-element_type=\"widget\" data-e-type=\"widget\" data-widget_type=\"text-editor.default\">\n\t\t\t\t<div class=\"elementor-widget-container\">\n\t\t\t\t\t<div class=\"bb-theme-elementor-wrap bb-elementor-custom-color bb-elementor-custom-family bb-elementor-custom-size bb-elementor-custom-line-height\">\t\t\t\t<p>SUMMARY<\/p>\t\t\t\t<\/div>\t\t\t\t<\/div>\n\t\t\t\t<\/div>\n\t\t\t\t\t<\/div>\n\t\t<\/div>\n\t\t\t\t<div class=\"elementor-column elementor-col-50 elementor-inner-column elementor-element elementor-element-2acac10\" data-id=\"2acac10\" data-element_type=\"column\" data-e-type=\"column\" data-settings=\"{&quot;background_background&quot;:&quot;classic&quot;}\">\n\t\t\t<div class=\"elementor-widget-wrap elementor-element-populated\">\n\t\t\t\t\t\t<div class=\"elementor-element elementor-element-98e3157 elementor-widget elementor-widget-text-editor\" data-id=\"98e3157\" data-element_type=\"widget\" data-e-type=\"widget\" data-widget_type=\"text-editor.default\">\n\t\t\t\t<div class=\"elementor-widget-container\">\n\t\t\t\t\t<div class=\"bb-theme-elementor-wrap bb-elementor-custom-family\">\t\t\t\t<p>Giffoni Film Festivali, \u00e7ocuk ve gen\u00e7lere y\u00f6nelik sinemaya adanm\u0131\u015f, uluslararas\u0131 \u00fcne sahip bir etkinliktir. Bir festivalden daha fazlas\u0131 olan bu etkinlik, sinemay\u0131 e\u011fitim, sosyal entegrasyon ve yarat\u0131c\u0131 g\u00fc\u00e7lendirme arac\u0131 olarak kullanan, y\u0131l boyunca faaliyet g\u00f6steren bir k\u00fclt\u00fcr ajans\u0131d\u0131r. 50'den fazla \u00fclkeden binlerce gen\u00e7 \u201cj\u00fcri \u00fcyesini\u201d bir araya getirerek uluslararas\u0131 filmleri izlemelerini, tart\u0131\u015fmalar\u0131n\u0131 ve de\u011ferlendirmelerini sa\u011flar ve nesiller aras\u0131 ve k\u00fclt\u00fcrler aras\u0131 diyalog i\u00e7in e\u015fsiz bir alan olu\u015fturur.<\/p>\t\t\t\t<\/div>\t\t\t\t<\/div>\n\t\t\t\t<\/div>\n\t\t\t\t\t<\/div>\n\t\t<\/div>\n\t\t\t\t\t<\/div>\n\t\t<\/section>\n\t\t\t\t<section class=\"elementor-section elementor-inner-section elementor-element elementor-element-e6413aa elementor-section-boxed elementor-section-height-default elementor-section-height-default wpr-particle-no wpr-jarallax-no wpr-parallax-no wpr-sticky-section-no\" data-id=\"e6413aa\" data-element_type=\"section\" data-e-type=\"section\">\n\t\t\t\t\t\t<div class=\"elementor-container elementor-column-gap-default\">\n\t\t\t\t\t<div class=\"elementor-column elementor-col-50 elementor-inner-column elementor-element elementor-element-f94afd0\" data-id=\"f94afd0\" data-element_type=\"column\" data-e-type=\"column\" data-settings=\"{&quot;background_background&quot;:&quot;classic&quot;}\">\n\t\t\t<div class=\"elementor-widget-wrap elementor-element-populated\">\n\t\t\t\t\t\t<div class=\"elementor-element elementor-element-7f02cac elementor-widget elementor-widget-text-editor\" data-id=\"7f02cac\" data-element_type=\"widget\" data-e-type=\"widget\" data-widget_type=\"text-editor.default\">\n\t\t\t\t<div class=\"elementor-widget-container\">\n\t\t\t\t\t<div class=\"bb-theme-elementor-wrap bb-elementor-custom-color bb-elementor-custom-family bb-elementor-custom-size bb-elementor-custom-line-height\">\t\t\t\t<p>OBJECTIVES<\/p>\t\t\t\t<\/div>\t\t\t\t<\/div>\n\t\t\t\t<\/div>\n\t\t\t\t\t<\/div>\n\t\t<\/div>\n\t\t\t\t<div class=\"elementor-column elementor-col-50 elementor-inner-column elementor-element elementor-element-6293ffc\" data-id=\"6293ffc\" data-element_type=\"column\" data-e-type=\"column\" data-settings=\"{&quot;background_background&quot;:&quot;classic&quot;}\">\n\t\t\t<div class=\"elementor-widget-wrap elementor-element-populated\">\n\t\t\t\t\t\t<div class=\"elementor-element elementor-element-ced17ba elementor-widget elementor-widget-text-editor\" data-id=\"ced17ba\" data-element_type=\"widget\" data-e-type=\"widget\" data-widget_type=\"text-editor.default\">\n\t\t\t\t<div class=\"elementor-widget-container\">\n\t\t\t\t\t<div class=\"bb-theme-elementor-wrap bb-elementor-custom-family\">\t\t\t\t<ol><li>Gen\u00e7leri karar alma s\u00fcrecinin merkezine yerle\u015ftirmek (j\u00fcri \u00fcyeleri olarak) ve onlara film end\u00fcstrisinde s\u00f6z hakk\u0131 vermek.<\/li><li>Karma\u015f\u0131k sosyal, \u00e7evresel ve duygusal temalar\u0131 ele alan y\u00fcksek kaliteli sinemay\u0131 te\u015fvik etmek.<\/li><li>Gen\u00e7 nesiller aras\u0131nda ele\u015ftirel d\u00fc\u015f\u00fcnme ve medya okuryazarl\u0131\u011f\u0131 becerilerini geli\u015ftirmek.<\/li><li>K\u0131rsal bir b\u00f6lgeyi (Giffoni Valle Piana) dijital sanat ve k\u00fclt\u00fcr i\u00e7in k\u00fcresel bir inovasyon merkezi haline getirmek.<\/li><\/ol>\t\t\t\t<\/div>\t\t\t\t<\/div>\n\t\t\t\t<\/div>\n\t\t\t\t\t<\/div>\n\t\t<\/div>\n\t\t\t\t\t<\/div>\n\t\t<\/section>\n\t\t\t\t<section class=\"elementor-section elementor-inner-section elementor-element elementor-element-34c8293 elementor-section-boxed elementor-section-height-default elementor-section-height-default wpr-particle-no wpr-jarallax-no wpr-parallax-no wpr-sticky-section-no\" data-id=\"34c8293\" data-element_type=\"section\" data-e-type=\"section\">\n\t\t\t\t\t\t<div class=\"elementor-container elementor-column-gap-default\">\n\t\t\t\t\t<div class=\"elementor-column elementor-col-50 elementor-inner-column elementor-element elementor-element-fdf7340\" data-id=\"fdf7340\" data-element_type=\"column\" data-e-type=\"column\" data-settings=\"{&quot;background_background&quot;:&quot;classic&quot;}\">\n\t\t\t<div class=\"elementor-widget-wrap elementor-element-populated\">\n\t\t\t\t\t\t<div class=\"elementor-element elementor-element-ed57584 elementor-widget elementor-widget-text-editor\" data-id=\"ed57584\" data-element_type=\"widget\" data-e-type=\"widget\" data-widget_type=\"text-editor.default\">\n\t\t\t\t<div class=\"elementor-widget-container\">\n\t\t\t\t\t<div class=\"bb-theme-elementor-wrap bb-elementor-custom-color bb-elementor-custom-family bb-elementor-custom-size bb-elementor-custom-line-height\">\t\t\t\t<p>CONTEXT AND BACKGROUND<\/p>\t\t\t\t<\/div>\t\t\t\t<\/div>\n\t\t\t\t<\/div>\n\t\t\t\t\t<\/div>\n\t\t<\/div>\n\t\t\t\t<div class=\"elementor-column elementor-col-50 elementor-inner-column elementor-element elementor-element-28f43e7\" data-id=\"28f43e7\" data-element_type=\"column\" data-e-type=\"column\" data-settings=\"{&quot;background_background&quot;:&quot;classic&quot;}\">\n\t\t\t<div class=\"elementor-widget-wrap elementor-element-populated\">\n\t\t\t\t\t\t<div class=\"elementor-element elementor-element-4f4908d elementor-widget elementor-widget-text-editor\" data-id=\"4f4908d\" data-element_type=\"widget\" data-e-type=\"widget\" data-widget_type=\"text-editor.default\">\n\t\t\t\t<div class=\"elementor-widget-container\">\n\t\t\t\t\t<div class=\"bb-theme-elementor-wrap bb-elementor-custom-family\">\t\t\t\t<p>1971 y\u0131l\u0131nda Claudio Gubitosi taraf\u0131ndan kurulan proje, \u00e7ocuk sinemas\u0131n\u0131 marjinal bir ni\u015ften y\u00fcksek kaliteli bir t\u00fcre y\u00fckseltmek gibi \u201ccesur bir fikir\u201d ile ba\u015flad\u0131. Proje, \u0130talya'n\u0131n Campania b\u00f6lgesindeki k\u00fc\u00e7\u00fck bir k\u0131rsal kasabada ger\u00e7ekle\u015ftiriliyor. 50 y\u0131l\u0131 a\u015fk\u0131n bir s\u00fcre i\u00e7inde, \u00fcretim, e\u011fitim ve inovasyona adanm\u0131\u015f devasa bir altyap\u0131 projesi olan Giffoni Multimedia Valley'e d\u00f6n\u00fc\u015ferek, k\u00fclt\u00fcr\u00fcn bir b\u00f6lgenin ekonomik yeniden do\u011fu\u015funu tetikleyebilece\u011fini kan\u0131tlad\u0131.<\/p>\t\t\t\t<\/div>\t\t\t\t<\/div>\n\t\t\t\t<\/div>\n\t\t\t\t\t<\/div>\n\t\t<\/div>\n\t\t\t\t\t<\/div>\n\t\t<\/section>\n\t\t\t\t<section class=\"elementor-section elementor-inner-section elementor-element elementor-element-3e18dad elementor-section-boxed elementor-section-height-default elementor-section-height-default wpr-particle-no wpr-jarallax-no wpr-parallax-no wpr-sticky-section-no\" data-id=\"3e18dad\" data-element_type=\"section\" data-e-type=\"section\">\n\t\t\t\t\t\t<div class=\"elementor-container elementor-column-gap-default\">\n\t\t\t\t\t<div class=\"elementor-column elementor-col-50 elementor-inner-column elementor-element elementor-element-3bb45e9\" data-id=\"3bb45e9\" data-element_type=\"column\" data-e-type=\"column\" data-settings=\"{&quot;background_background&quot;:&quot;classic&quot;}\">\n\t\t\t<div class=\"elementor-widget-wrap elementor-element-populated\">\n\t\t\t\t\t\t<div class=\"elementor-element elementor-element-6031d0c elementor-widget elementor-widget-text-editor\" data-id=\"6031d0c\" data-element_type=\"widget\" data-e-type=\"widget\" data-widget_type=\"text-editor.default\">\n\t\t\t\t<div class=\"elementor-widget-container\">\n\t\t\t\t\t<div class=\"bb-theme-elementor-wrap bb-elementor-custom-color bb-elementor-custom-family bb-elementor-custom-size bb-elementor-custom-line-height\">\t\t\t\t<p>IMPLEMENTATION: ACTIVITIES AND METHODOLOGIES<\/p>\t\t\t\t<\/div>\t\t\t\t<\/div>\n\t\t\t\t<\/div>\n\t\t\t\t\t<\/div>\n\t\t<\/div>\n\t\t\t\t<div class=\"elementor-column elementor-col-50 elementor-inner-column elementor-element elementor-element-202a5af\" data-id=\"202a5af\" data-element_type=\"column\" data-e-type=\"column\" data-settings=\"{&quot;background_background&quot;:&quot;classic&quot;}\">\n\t\t\t<div class=\"elementor-widget-wrap elementor-element-populated\">\n\t\t\t\t\t\t<div class=\"elementor-element elementor-element-5236402 elementor-widget elementor-widget-text-editor\" data-id=\"5236402\" data-element_type=\"widget\" data-e-type=\"widget\" data-widget_type=\"text-editor.default\">\n\t\t\t\t<div class=\"elementor-widget-container\">\n\t\t\t\t\t<div class=\"bb-theme-elementor-wrap bb-elementor-custom-family\">\t\t\t\t<p>J\u00fcri Sistemi: Temel metodoloji. J\u00fcriler ya\u015f gruplar\u0131na g\u00f6re ayr\u0131l\u0131r (\u00f6rne\u011fin, Elements +3, +6, +10 ve Generator +13, +16, +18). J\u00fcri \u00fcyeleri pasif izleyiciler de\u011fildir; y\u00f6netmenler ve oyuncularla tart\u0131\u015fmalara kat\u0131l\u0131rlar.<br \/>18 ya\u015f \u00fcst\u00fc gen\u00e7lerin siyaset, bilim ve sanat alanlar\u0131ndan \u00f6nemli isimlerle bir araya gelerek k\u00fcresel sorunlar\u0131 (yasalara uygunluk, \u00e7evre, dijital haklar) tart\u0131\u015fabilecekleri \u00f6zel bir alan. VR, animasyon ve dijital hikaye anlat\u0131m\u0131n\u0131 kapsayan \u201cMultimedya Vadisi\u201d at\u00f6lyeleri.<br \/>Uluslararas\u0131 merkezler: \u00abGiffoni format\u0131n\u0131\u00bb di\u011fer \u00fclkelere (Arnavutluk, Brezilya, Makedonya) ihra\u00e7 ederek k\u00fcresel bir \u00abGiffoners\u00bb a\u011f\u0131 olu\u015fturmak.<\/p>\t\t\t\t<\/div>\t\t\t\t<\/div>\n\t\t\t\t<\/div>\n\t\t\t\t\t<\/div>\n\t\t<\/div>\n\t\t\t\t\t<\/div>\n\t\t<\/section>\n\t\t\t\t<section class=\"elementor-section elementor-inner-section elementor-element elementor-element-10d68ac elementor-section-boxed elementor-section-height-default elementor-section-height-default wpr-particle-no wpr-jarallax-no wpr-parallax-no wpr-sticky-section-no\" data-id=\"10d68ac\" data-element_type=\"section\" data-e-type=\"section\" data-settings=\"{&quot;background_background&quot;:&quot;classic&quot;}\">\n\t\t\t\t\t\t<div class=\"elementor-container elementor-column-gap-default\">\n\t\t\t\t\t<div class=\"elementor-column elementor-col-50 elementor-inner-column elementor-element elementor-element-1d551cb\" data-id=\"1d551cb\" data-element_type=\"column\" data-e-type=\"column\" data-settings=\"{&quot;background_background&quot;:&quot;classic&quot;}\">\n\t\t\t<div class=\"elementor-widget-wrap elementor-element-populated\">\n\t\t\t\t\t\t<div class=\"elementor-element elementor-element-0744421 elementor-widget elementor-widget-text-editor\" data-id=\"0744421\" data-element_type=\"widget\" data-e-type=\"widget\" data-widget_type=\"text-editor.default\">\n\t\t\t\t<div class=\"elementor-widget-container\">\n\t\t\t\t\t<div class=\"bb-theme-elementor-wrap bb-elementor-custom-color bb-elementor-custom-family bb-elementor-custom-size bb-elementor-custom-line-height\">\t\t\t\t<p>PROJECT OUTCOMES &amp; LESSONS LEARNED<\/p>\t\t\t\t<\/div>\t\t\t\t<\/div>\n\t\t\t\t<\/div>\n\t\t\t\t\t<\/div>\n\t\t<\/div>\n\t\t\t\t<div class=\"elementor-column elementor-col-50 elementor-inner-column elementor-element elementor-element-5892168\" data-id=\"5892168\" data-element_type=\"column\" data-e-type=\"column\" data-settings=\"{&quot;background_background&quot;:&quot;classic&quot;}\">\n\t\t\t<div class=\"elementor-widget-wrap elementor-element-populated\">\n\t\t\t\t\t\t<div class=\"elementor-element elementor-element-f4f6b55 elementor-widget elementor-widget-text-editor\" data-id=\"f4f6b55\" data-element_type=\"widget\" data-e-type=\"widget\" data-widget_type=\"text-editor.default\">\n\t\t\t\t<div class=\"elementor-widget-container\">\n\t\t\t\t\t<div class=\"bb-theme-elementor-wrap bb-elementor-custom-family\">\t\t\t\t<p>Ana sonu\u00e7, y\u0131l boyunca 90'dan fazla profesyoneli istihdam eden ve y\u0131lda 100.000'den fazla ziyaret\u00e7iyi \u00e7eken kal\u0131c\u0131 bir \u201cK\u00fclt\u00fcr Merkezi\u201dnin olu\u015fturulmas\u0131d\u0131r.<\/p><p>\u00d6\u011frenilen Dersler:<\/p><ul><li>Gen\u00e7ler, \u201cger\u00e7ek\u201d roller verildi\u011finde (\u00f6rne\u011fin profesyonel filmleri de\u011ferlendirmek gibi) b\u00fcy\u00fck bir sorumlulukla kar\u015f\u0131l\u0131k verirler.<\/li><li>Fonlar\u0131n \u00e7e\u015fitlendirilmesi (AB fonlar\u0131, b\u00f6lgesel destek ve \u00f6zel sponsorluklar\u0131n bir araya getirilmesi) uzun vadeli istikrar i\u00e7in \u00e7ok \u00f6nemlidir.<\/li><li>K\u00fc\u00e7\u00fck kasaba k\u00f6kenlerine ba\u011fl\u0131 kal\u0131rken k\u00fcresel bir bak\u0131\u015f a\u00e7\u0131s\u0131n\u0131 s\u00fcrd\u00fcrmek, markan\u0131n en b\u00fcy\u00fck g\u00fcc\u00fcd\u00fcr.<\/li><\/ul>\t\t\t\t<\/div>\t\t\t\t<\/div>\n\t\t\t\t<\/div>\n\t\t\t\t\t<\/div>\n\t\t<\/div>\n\t\t\t\t\t<\/div>\n\t\t<\/section>\n\t\t\t\t<section class=\"elementor-section elementor-inner-section elementor-element elementor-element-19af9f6 elementor-section-boxed elementor-section-height-default elementor-section-height-default wpr-particle-no wpr-jarallax-no wpr-parallax-no wpr-sticky-section-no\" data-id=\"19af9f6\" data-element_type=\"section\" data-e-type=\"section\">\n\t\t\t\t\t\t<div class=\"elementor-container elementor-column-gap-default\">\n\t\t\t\t\t<div class=\"elementor-column elementor-col-50 elementor-inner-column elementor-element elementor-element-f4166e3\" data-id=\"f4166e3\" data-element_type=\"column\" data-e-type=\"column\" data-settings=\"{&quot;background_background&quot;:&quot;classic&quot;}\">\n\t\t\t<div class=\"elementor-widget-wrap elementor-element-populated\">\n\t\t\t\t\t\t<div class=\"elementor-element elementor-element-c224fc5 elementor-widget elementor-widget-text-editor\" data-id=\"c224fc5\" data-element_type=\"widget\" data-e-type=\"widget\" data-widget_type=\"text-editor.default\">\n\t\t\t\t<div class=\"elementor-widget-container\">\n\t\t\t\t\t<div class=\"bb-theme-elementor-wrap bb-elementor-custom-color bb-elementor-custom-family bb-elementor-custom-size bb-elementor-custom-line-height\">\t\t\t\t<p>IMPACT<\/p>\t\t\t\t<\/div>\t\t\t\t<\/div>\n\t\t\t\t<\/div>\n\t\t\t\t\t<\/div>\n\t\t<\/div>\n\t\t\t\t<div class=\"elementor-column elementor-col-50 elementor-inner-column elementor-element elementor-element-7de80e9\" data-id=\"7de80e9\" data-element_type=\"column\" data-e-type=\"column\" data-settings=\"{&quot;background_background&quot;:&quot;classic&quot;}\">\n\t\t\t<div class=\"elementor-widget-wrap elementor-element-populated\">\n\t\t\t\t\t\t<div class=\"elementor-element elementor-element-e01e1cb elementor-widget elementor-widget-text-editor\" data-id=\"e01e1cb\" data-element_type=\"widget\" data-e-type=\"widget\" data-widget_type=\"text-editor.default\">\n\t\t\t\t<div class=\"elementor-widget-container\">\n\t\t\t\t\t<div class=\"bb-theme-elementor-wrap bb-elementor-custom-family\">\t\t\t\t<p>G\u00fcney \u0130talya'daki gen\u00e7ler i\u00e7in \u201ck\u00fclt\u00fcrel u\u00e7urum\u201dun b\u00fcy\u00fck \u00f6l\u00e7\u00fcde azalt\u0131lmas\u0131 ve uluslararas\u0131 dayan\u0131\u015fman\u0131n te\u015fvik edilmesi.<\/p><p>Zenginli\u011fin yerel b\u00f6lgeye yeniden da\u011f\u0131t\u0131lmas\u0131, turizm, konaklama ve yarat\u0131c\u0131 sekt\u00f6rdeki \u00f6zel i\u015flerin desteklenmesi.<br \/>\u201cGiffoni kalitesi\u201d sertifikas\u0131 verilen filmleri onaylayarak k\u00fcresel film pazar\u0131n\u0131 etkileyen ve bu filmlerin uluslararas\u0131 da\u011f\u0131t\u0131m\u0131n\u0131 sa\u011flamaya yard\u0131mc\u0131 olan bir organizasyondur.<\/p>\t\t\t\t<\/div>\t\t\t\t<\/div>\n\t\t\t\t<\/div>\n\t\t\t\t\t<\/div>\n\t\t<\/div>\n\t\t\t\t\t<\/div>\n\t\t<\/section>\n\t\t\t\t\t<\/div>\n\t\t<\/div>\n\t\t\t\t\t<\/div>\n\t\t<\/section>\n\t\t\t\t<\/div>","protected":false},"excerpt":{"rendered":"<p>Back to the Good Practices Giffoni Film Festival GENERAL INFORMATION Location: Giffoni Valle Piana (Salerno), ItalyOrganization(s) Involved: Ente Autonomo Giffoni Experience (a non-profit association)Email: info@giffoniff.itWeb:&hellip;<\/p>","protected":false},"author":1,"featured_media":0,"parent":0,"menu_order":0,"comment_status":"closed","ping_status":"closed","template":"","meta":{"_uag_custom_page_level_css":"","footnotes":""},"class_list":["post-5788","page","type-page","status-publish","hentry"],"uagb_featured_image_src":{"full":false,"thumbnail":false,"medium":false,"medium_large":false,"large":false,"1536x1536":false,"2048x2048":false,"trp-custom-language-flag":false,"post-thumbnail":false},"uagb_author_info":{"display_name":"youthmatchpoint","author_link":"https:\/\/youthmatchpoint.eu\/tr\/author\/youthmatchpoint\/"},"uagb_comment_info":0,"uagb_excerpt":"Back to the Good Practices Giffoni Film Festival GENERAL INFORMATION Location: Giffoni Valle Piana (Salerno), ItalyOrganization(s) Involved: Ente Autonomo Giffoni Experience (a non-profit association)Email: info@giffoniff.itWeb:&hellip;","_links":{"self":[{"href":"https:\/\/youthmatchpoint.eu\/tr\/wp-json\/wp\/v2\/pages\/5788","targetHints":{"allow":["GET"]}}],"collection":[{"href":"https:\/\/youthmatchpoint.eu\/tr\/wp-json\/wp\/v2\/pages"}],"about":[{"href":"https:\/\/youthmatchpoint.eu\/tr\/wp-json\/wp\/v2\/types\/page"}],"author":[{"embeddable":true,"href":"https:\/\/youthmatchpoint.eu\/tr\/wp-json\/wp\/v2\/users\/1"}],"replies":[{"embeddable":true,"href":"https:\/\/youthmatchpoint.eu\/tr\/wp-json\/wp\/v2\/comments?post=5788"}],"version-history":[{"count":22,"href":"https:\/\/youthmatchpoint.eu\/tr\/wp-json\/wp\/v2\/pages\/5788\/revisions"}],"predecessor-version":[{"id":5812,"href":"https:\/\/youthmatchpoint.eu\/tr\/wp-json\/wp\/v2\/pages\/5788\/revisions\/5812"}],"wp:attachment":[{"href":"https:\/\/youthmatchpoint.eu\/tr\/wp-json\/wp\/v2\/media?parent=5788"}],"curies":[{"name":"wp","href":"https:\/\/api.w.org\/{rel}","templated":true}]}}